{"id":3,"date":"2021-10-30T12:03:43","date_gmt":"2021-10-30T12:03:43","guid":{"rendered":"https:\/\/irispreschool.123websitedev.com\/?page_id=3"},"modified":"2022-11-08T06:50:05","modified_gmt":"2022-11-08T06:50:05","slug":"privacy-policy","status":"publish","type":"page","link":"https:\/\/irispreschool.com.vn\/vi\/chinh-sach-bao-mat\/","title":{"rendered":"Ch\u00ednh s\u00e1ch b\u1ea3o m\u1eadt"},"content":{"rendered":"<h2 class=\"wp-block-heading\">Ch\u00fang t\u00f4i l\u00e0 ai<\/h2><p><strong class=\"privacy-policy-tutorial\">V\u0103n b\u1ea3n \u0111\u1ec1 xu\u1ea5t: <\/strong>\u0110\u1ecba ch\u1ec9 trang web c\u1ee7a ch\u00fang t\u00f4i l\u00e0: https:\/\/irispreschool.com.vn.<\/p><h2 class=\"wp-block-heading\">B\u00ecnh lu\u1eadn<\/h2><p><strong class=\"privacy-policy-tutorial\">V\u0103n b\u1ea3n \u0111\u1ec1 xu\u1ea5t: <\/strong>Khi kh\u00e1ch truy c\u1eadp \u0111\u1ec3 l\u1ea1i b\u00ecnh lu\u1eadn tr\u00ean trang web, ch\u00fang t\u00f4i thu th\u1eadp d\u1eef li\u1ec7u hi\u1ec3n th\u1ecb trong bi\u1ec3u m\u1eabu b\u00ecnh lu\u1eadn, c\u0169ng nh\u01b0 \u0111\u1ecba ch\u1ec9 IP c\u1ee7a kh\u00e1ch truy c\u1eadp v\u00e0 chu\u1ed7i t\u00e1c nh\u00e2n ng\u01b0\u1eddi d\u00f9ng c\u1ee7a tr\u00ecnh duy\u1ec7t \u0111\u1ec3 gi\u00fap ph\u00e1t hi\u1ec7n th\u01b0 r\u00e1c.<\/p><p>M\u1ed9t chu\u1ed7i \u1ea9n danh \u0111\u01b0\u1ee3c t\u1ea1o t\u1eeb \u0111\u1ecba ch\u1ec9 email c\u1ee7a b\u1ea1n (c\u00f2n g\u1ecdi l\u00e0 m\u00e3 b\u0103m) c\u00f3 th\u1ec3 \u0111\u01b0\u1ee3c cung c\u1ea5p cho d\u1ecbch v\u1ee5 Gravatar \u0111\u1ec3 xem b\u1ea1n c\u00f3 \u0111ang s\u1eed d\u1ee5ng d\u1ecbch v\u1ee5 n\u00e0y hay kh\u00f4ng. Ch\u00ednh s\u00e1ch b\u1ea3o m\u1eadt c\u1ee7a d\u1ecbch v\u1ee5 Gravatar c\u00f3 t\u1ea1i \u0111\u00e2y: https:\/\/automattic.com\/privacy\/. Sau khi b\u00ecnh lu\u1eadn c\u1ee7a b\u1ea1n \u0111\u01b0\u1ee3c ch\u1ea5p thu\u1eadn, \u1ea3nh \u0111\u1ea1i di\u1ec7n c\u1ee7a b\u1ea1n s\u1ebd hi\u1ec3n th\u1ecb c\u00f4ng khai trong b\u1ed1i c\u1ea3nh b\u00ecnh lu\u1eadn.<\/p><h2 class=\"wp-block-heading\">Ph\u01b0\u01a1ng ti\u1ec7n truy\u1ec1n th\u00f4ng<\/h2><p><strong class=\"privacy-policy-tutorial\">V\u0103n b\u1ea3n \u0111\u1ec1 xu\u1ea5t: <\/strong>N\u1ebfu b\u1ea1n t\u1ea3i h\u00ecnh \u1ea3nh l\u00ean trang web, b\u1ea1n n\u00ean tr\u00e1nh t\u1ea3i l\u00ean h\u00ecnh \u1ea3nh c\u00f3 nh\u00fang d\u1eef li\u1ec7u v\u1ecb tr\u00ed (EXIF GPS). Kh\u00e1ch truy c\u1eadp trang web c\u00f3 th\u1ec3 t\u1ea3i xu\u1ed1ng v\u00e0 tr\u00edch xu\u1ea5t b\u1ea5t k\u1ef3 d\u1eef li\u1ec7u v\u1ecb tr\u00ed n\u00e0o t\u1eeb h\u00ecnh \u1ea3nh tr\u00ean trang web.<\/p><h2 class=\"wp-block-heading\">Cookie<\/h2><p><strong class=\"privacy-policy-tutorial\">V\u0103n b\u1ea3n \u0111\u1ec1 xu\u1ea5t: <\/strong>N\u1ebfu b\u1ea1n \u0111\u1ec3 l\u1ea1i b\u00ecnh lu\u1eadn tr\u00ean trang web c\u1ee7a ch\u00fang t\u00f4i, b\u1ea1n c\u00f3 th\u1ec3 ch\u1ecdn l\u01b0u t\u00ean, \u0111\u1ecba ch\u1ec9 email v\u00e0 trang web c\u1ee7a m\u00ecnh trong cookie. Vi\u1ec7c n\u00e0y nh\u1eb1m m\u1ee5c \u0111\u00edch thu\u1eadn ti\u1ec7n cho b\u1ea1n, gi\u00fap b\u1ea1n kh\u00f4ng ph\u1ea3i nh\u1eadp l\u1ea1i th\u00f4ng tin khi \u0111\u0103ng b\u00ecnh lu\u1eadn ti\u1ebfp theo. Cookie n\u00e0y s\u1ebd t\u1ed3n t\u1ea1i trong m\u1ed9t n\u0103m.<\/p><p>N\u1ebfu b\u1ea1n truy c\u1eadp trang \u0111\u0103ng nh\u1eadp c\u1ee7a ch\u00fang t\u00f4i, ch\u00fang t\u00f4i s\u1ebd thi\u1ebft l\u1eadp m\u1ed9t cookie t\u1ea1m th\u1eddi \u0111\u1ec3 x\u00e1c \u0111\u1ecbnh xem tr\u00ecnh duy\u1ec7t c\u1ee7a b\u1ea1n c\u00f3 ch\u1ea5p nh\u1eadn cookie hay kh\u00f4ng. Cookie n\u00e0y kh\u00f4ng ch\u1ee9a d\u1eef li\u1ec7u c\u00e1 nh\u00e2n v\u00e0 s\u1ebd b\u1ecb x\u00f3a khi b\u1ea1n \u0111\u00f3ng tr\u00ecnh duy\u1ec7t.<\/p><p>Khi b\u1ea1n \u0111\u0103ng nh\u1eadp, ch\u00fang t\u00f4i c\u0169ng s\u1ebd thi\u1ebft l\u1eadp m\u1ed9t s\u1ed1 cookie \u0111\u1ec3 l\u01b0u th\u00f4ng tin \u0111\u0103ng nh\u1eadp v\u00e0 t\u00f9y ch\u1ecdn hi\u1ec3n th\u1ecb m\u00e0n h\u00ecnh c\u1ee7a b\u1ea1n. Cookie \u0111\u0103ng nh\u1eadp t\u1ed3n t\u1ea1i trong hai ng\u00e0y v\u00e0 cookie t\u00f9y ch\u1ecdn hi\u1ec3n th\u1ecb m\u00e0n h\u00ecnh t\u1ed3n t\u1ea1i trong m\u1ed9t n\u0103m. N\u1ebfu b\u1ea1n ch\u1ecdn &quot;Ghi nh\u1edb t\u00f4i&quot;, th\u00f4ng tin \u0111\u0103ng nh\u1eadp c\u1ee7a b\u1ea1n s\u1ebd \u0111\u01b0\u1ee3c l\u01b0u trong hai tu\u1ea7n. N\u1ebfu b\u1ea1n \u0111\u0103ng xu\u1ea5t kh\u1ecfi t\u00e0i kho\u1ea3n, cookie \u0111\u0103ng nh\u1eadp s\u1ebd b\u1ecb x\u00f3a.<\/p><p>N\u1ebfu b\u1ea1n ch\u1ec9nh s\u1eeda ho\u1eb7c xu\u1ea5t b\u1ea3n m\u1ed9t b\u00e0i vi\u1ebft, m\u1ed9t cookie b\u1ed5 sung s\u1ebd \u0111\u01b0\u1ee3c l\u01b0u trong tr\u00ecnh duy\u1ec7t c\u1ee7a b\u1ea1n. Cookie n\u00e0y kh\u00f4ng ch\u1ee9a d\u1eef li\u1ec7u c\u00e1 nh\u00e2n v\u00e0 ch\u1ec9 \u0111\u01a1n gi\u1ea3n cho bi\u1ebft ID b\u00e0i vi\u1ebft c\u1ee7a b\u00e0i vi\u1ebft b\u1ea1n v\u1eeba ch\u1ec9nh s\u1eeda. Cookie n\u00e0y s\u1ebd h\u1ebft h\u1ea1n sau 1 ng\u00e0y.<\/p><h2 class=\"wp-block-heading\">N\u1ed9i dung nh\u00fang t\u1eeb c\u00e1c trang web kh\u00e1c<\/h2><p><strong class=\"privacy-policy-tutorial\">V\u0103n b\u1ea3n \u0111\u1ec1 xu\u1ea5t: <\/strong>C\u00e1c b\u00e0i vi\u1ebft tr\u00ean trang web n\u00e0y c\u00f3 th\u1ec3 bao g\u1ed3m n\u1ed9i dung nh\u00fang (v\u00ed d\u1ee5: video, h\u00ecnh \u1ea3nh, b\u00e0i vi\u1ebft, v.v.). N\u1ed9i dung nh\u00fang t\u1eeb c\u00e1c trang web kh\u00e1c s\u1ebd ho\u1ea1t \u0111\u1ed9ng theo c\u00f9ng m\u1ed9t c\u00e1ch nh\u01b0 khi kh\u00e1ch truy c\u1eadp \u0111\u00e3 truy c\u1eadp trang web \u0111\u00f3.<\/p><p>C\u00e1c trang web n\u00e0y c\u00f3 th\u1ec3 thu th\u1eadp d\u1eef li\u1ec7u v\u1ec1 b\u1ea1n, s\u1eed d\u1ee5ng cookie, nh\u00fang th\u00eam ph\u1ea7n m\u1ec1m theo d\u00f5i c\u1ee7a b\u00ean th\u1ee9 ba v\u00e0 theo d\u00f5i t\u01b0\u01a1ng t\u00e1c c\u1ee7a b\u1ea1n v\u1edbi n\u1ed9i dung \u0111\u01b0\u1ee3c nh\u00fang \u0111\u00f3, bao g\u1ed3m theo d\u00f5i t\u01b0\u01a1ng t\u00e1c c\u1ee7a b\u1ea1n v\u1edbi n\u1ed9i dung \u0111\u01b0\u1ee3c nh\u00fang n\u1ebfu b\u1ea1n c\u00f3 t\u00e0i kho\u1ea3n v\u00e0 \u0111\u00e3 \u0111\u0103ng nh\u1eadp v\u00e0o trang web \u0111\u00f3.<\/p><h2 class=\"wp-block-heading\">Ch\u00fang t\u00f4i chia s\u1ebb d\u1eef li\u1ec7u c\u1ee7a b\u1ea1n v\u1edbi ai<\/h2><p><strong class=\"privacy-policy-tutorial\">V\u0103n b\u1ea3n \u0111\u1ec1 xu\u1ea5t: <\/strong>N\u1ebfu b\u1ea1n y\u00eau c\u1ea7u \u0111\u1eb7t l\u1ea1i m\u1eadt kh\u1ea9u, \u0111\u1ecba ch\u1ec9 IP c\u1ee7a b\u1ea1n s\u1ebd \u0111\u01b0\u1ee3c bao g\u1ed3m trong email \u0111\u1eb7t l\u1ea1i m\u1eadt kh\u1ea9u.<\/p><h2 class=\"wp-block-heading\">Ch\u00fang t\u00f4i l\u01b0u gi\u1eef d\u1eef li\u1ec7u c\u1ee7a b\u1ea1n trong bao l\u00e2u<\/h2><p><strong class=\"privacy-policy-tutorial\">V\u0103n b\u1ea3n \u0111\u1ec1 xu\u1ea5t: <\/strong>N\u1ebfu b\u1ea1n \u0111\u1ec3 l\u1ea1i b\u00ecnh lu\u1eadn, b\u00ecnh lu\u1eadn v\u00e0 si\u00eau d\u1eef li\u1ec7u c\u1ee7a n\u00f3 s\u1ebd \u0111\u01b0\u1ee3c l\u01b0u gi\u1eef v\u00f4 th\u1eddi h\u1ea1n. \u0110i\u1ec1u n\u00e0y gi\u00fap ch\u00fang t\u00f4i c\u00f3 th\u1ec3 t\u1ef1 \u0111\u1ed9ng nh\u1eadn di\u1ec7n v\u00e0 ch\u1ea5p thu\u1eadn b\u1ea5t k\u1ef3 b\u00ecnh lu\u1eadn ti\u1ebfp theo n\u00e0o thay v\u00ec gi\u1eef ch\u00fang trong h\u00e0ng \u0111\u1ee3i ki\u1ec3m duy\u1ec7t.<\/p><p>\u0110\u1ed1i v\u1edbi ng\u01b0\u1eddi d\u00f9ng \u0111\u0103ng k\u00fd tr\u00ean trang web c\u1ee7a ch\u00fang t\u00f4i (n\u1ebfu c\u00f3), ch\u00fang t\u00f4i c\u0169ng l\u01b0u tr\u1eef th\u00f4ng tin c\u00e1 nh\u00e2n m\u00e0 h\u1ecd cung c\u1ea5p trong h\u1ed3 s\u01a1 ng\u01b0\u1eddi d\u00f9ng. T\u1ea5t c\u1ea3 ng\u01b0\u1eddi d\u00f9ng \u0111\u1ec1u c\u00f3 th\u1ec3 xem, ch\u1ec9nh s\u1eeda ho\u1eb7c x\u00f3a th\u00f4ng tin c\u00e1 nh\u00e2n c\u1ee7a m\u00ecnh b\u1ea5t k\u1ef3 l\u00fac n\u00e0o (tr\u1eeb tr\u01b0\u1eddng h\u1ee3p h\u1ecd kh\u00f4ng th\u1ec3 thay \u0111\u1ed5i t\u00ean ng\u01b0\u1eddi d\u00f9ng). Qu\u1ea3n tr\u1ecb vi\u00ean trang web c\u0169ng c\u00f3 th\u1ec3 xem v\u00e0 ch\u1ec9nh s\u1eeda th\u00f4ng tin \u0111\u00f3.<\/p><h2 class=\"wp-block-heading\">B\u1ea1n c\u00f3 nh\u1eefng quy\u1ec1n g\u00ec \u0111\u1ed1i v\u1edbi d\u1eef li\u1ec7u c\u1ee7a m\u00ecnh<\/h2><p><strong class=\"privacy-policy-tutorial\">V\u0103n b\u1ea3n \u0111\u1ec1 xu\u1ea5t: <\/strong>N\u1ebfu b\u1ea1n c\u00f3 t\u00e0i kho\u1ea3n tr\u00ean trang web n\u00e0y ho\u1eb7c \u0111\u00e3 \u0111\u1ec3 l\u1ea1i b\u00ecnh lu\u1eadn, b\u1ea1n c\u00f3 th\u1ec3 y\u00eau c\u1ea7u nh\u1eadn t\u1ec7p d\u1eef li\u1ec7u c\u00e1 nh\u00e2n m\u00e0 ch\u00fang t\u00f4i l\u01b0u gi\u1eef v\u1ec1 b\u1ea1n, bao g\u1ed3m b\u1ea5t k\u1ef3 d\u1eef li\u1ec7u n\u00e0o b\u1ea1n \u0111\u00e3 cung c\u1ea5p cho ch\u00fang t\u00f4i. B\u1ea1n c\u0169ng c\u00f3 th\u1ec3 y\u00eau c\u1ea7u ch\u00fang t\u00f4i x\u00f3a b\u1ea5t k\u1ef3 d\u1eef li\u1ec7u c\u00e1 nh\u00e2n n\u00e0o ch\u00fang t\u00f4i l\u01b0u gi\u1eef v\u1ec1 b\u1ea1n. \u0110i\u1ec1u n\u00e0y kh\u00f4ng bao g\u1ed3m b\u1ea5t k\u1ef3 d\u1eef li\u1ec7u n\u00e0o ch\u00fang t\u00f4i c\u00f3 ngh\u0129a v\u1ee5 l\u01b0u gi\u1eef cho m\u1ee5c \u0111\u00edch h\u00e0nh ch\u00ednh, ph\u00e1p l\u00fd ho\u1eb7c b\u1ea3o m\u1eadt.<\/p><h2 class=\"wp-block-heading\">N\u01a1i ch\u00fang t\u00f4i g\u1eedi d\u1eef li\u1ec7u c\u1ee7a b\u1ea1n<\/h2><p><strong class=\"privacy-policy-tutorial\">V\u0103n b\u1ea3n \u0111\u1ec1 xu\u1ea5t: <\/strong>B\u00ecnh lu\u1eadn c\u1ee7a kh\u00e1ch truy c\u1eadp c\u00f3 th\u1ec3 \u0111\u01b0\u1ee3c ki\u1ec3m tra th\u00f4ng qua d\u1ecbch v\u1ee5 ph\u00e1t hi\u1ec7n th\u01b0 r\u00e1c t\u1ef1 \u0111\u1ed9ng.<\/p>","protected":false},"excerpt":{"rendered":"<p>Who we are Suggested text: Our website address is: https:\/\/irispreschool.com.vn. Comments Suggested text: When visitors leave comments on the site we collect the data shown in the comments form, and also the visitor&#8217;s IP address and browser user agent string to help spam detection. An anonymized string created from your email address (also called a [&hellip;]<\/p>","protected":false},"author":1,"featured_media":0,"parent":0,"menu_order":0,"comment_status":"closed","ping_status":"closed","template":"","meta":{"footnotes":""},"class_list":["post-3","page","type-page","status-publish","hentry"],"yoast_head":"<!-- This site is optimized with the Yoast SEO Premium plugin v20.9 (Yoast SEO v20.9) - https:\/\/yoast.com\/wordpress\/plugins\/seo\/ -->\n<title>Privacy Policy - Iris PreSchool<\/title>\n<meta name=\"robots\" content=\"index, follow, max-snippet:-1, max-image-preview:large, max-video-preview:-1\" \/>\n<link rel=\"canonical\" href=\"https:\/\/irispreschool.com.vn\/vi\/chinh-sach-bao-mat\/\" \/>\n<meta property=\"og:locale\" content=\"vi_VN\" \/>\n<meta property=\"og:type\" content=\"article\" \/>\n<meta property=\"og:title\" content=\"Privacy Policy\" \/>\n<meta property=\"og:description\" content=\"Who we are Suggested text: Our website address is: https:\/\/irispreschool.com.vn. Comments Suggested text: When visitors leave comments on the site we collect the data shown in the comments form, and also the visitor&#8217;s IP address and browser user agent string to help spam detection. An anonymized string created from your email address (also called a [&hellip;]\" \/>\n<meta property=\"og:url\" content=\"https:\/\/irispreschool.com.vn\/vi\/chinh-sach-bao-mat\/\" \/>\n<meta property=\"og:site_name\" content=\"Iris PreSchool\" \/>\n<meta property=\"article:modified_time\" content=\"2022-11-08T06:50:05+00:00\" \/>\n<meta name=\"twitter:card\" content=\"summary_large_image\" \/>\n<meta name=\"twitter:label1\" content=\"\u01af\u1edbc t\u00ednh th\u1eddi gian \u0111\u1ecdc\" \/>\n\t<meta name=\"twitter:data1\" content=\"3 ph\u00fat\" \/>\n<script type=\"application\/ld+json\" class=\"yoast-schema-graph\">{\"@context\":\"https:\/\/schema.org\",\"@graph\":[{\"@type\":\"WebPage\",\"@id\":\"https:\/\/irispreschool.com.vn\/privacy-policy\/\",\"url\":\"https:\/\/irispreschool.com.vn\/privacy-policy\/\",\"name\":\"Privacy Policy - Iris PreSchool\",\"isPartOf\":{\"@id\":\"https:\/\/irispreschool.com.vn\/#website\"},\"datePublished\":\"2021-10-30T12:03:43+00:00\",\"dateModified\":\"2022-11-08T06:50:05+00:00\",\"breadcrumb\":{\"@id\":\"https:\/\/irispreschool.com.vn\/privacy-policy\/#breadcrumb\"},\"inLanguage\":\"vi\",\"potentialAction\":[{\"@type\":\"ReadAction\",\"target\":[\"https:\/\/irispreschool.com.vn\/privacy-policy\/\"]}]},{\"@type\":\"BreadcrumbList\",\"@id\":\"https:\/\/irispreschool.com.vn\/privacy-policy\/#breadcrumb\",\"itemListElement\":[{\"@type\":\"ListItem\",\"position\":1,\"name\":\"Home\",\"item\":\"https:\/\/irispreschool.com.vn\/\"},{\"@type\":\"ListItem\",\"position\":2,\"name\":\"Privacy Policy\"}]},{\"@type\":\"WebSite\",\"@id\":\"https:\/\/irispreschool.com.vn\/#website\",\"url\":\"https:\/\/irispreschool.com.vn\/\",\"name\":\"Iris PreSchool\",\"description\":\"Together We\u2019ll Explore New Things\",\"publisher\":{\"@id\":\"https:\/\/irispreschool.com.vn\/#organization\"},\"potentialAction\":[{\"@type\":\"SearchAction\",\"target\":{\"@type\":\"EntryPoint\",\"urlTemplate\":\"https:\/\/irispreschool.com.vn\/?s={search_term_string}\"},\"query-input\":\"required name=search_term_string\"}],\"inLanguage\":\"vi\"},{\"@type\":\"Organization\",\"@id\":\"https:\/\/irispreschool.com.vn\/#organization\",\"name\":\"Iris PreSchool\",\"url\":\"https:\/\/irispreschool.com.vn\/\",\"logo\":{\"@type\":\"ImageObject\",\"inLanguage\":\"vi\",\"@id\":\"https:\/\/irispreschool.com.vn\/#\/schema\/logo\/image\/\",\"url\":\"https:\/\/irispreschool.com.vn\/wp-content\/uploads\/2025\/05\/IRIS-Logo.png\",\"contentUrl\":\"https:\/\/irispreschool.com.vn\/wp-content\/uploads\/2025\/05\/IRIS-Logo.png\",\"width\":512,\"height\":512,\"caption\":\"Iris PreSchool\"},\"image\":{\"@id\":\"https:\/\/irispreschool.com.vn\/#\/schema\/logo\/image\/\"}}]}<\/script>\n<!-- \/ Yoast SEO Premium plugin. -->","yoast_head_json":{"title":"Privacy Policy - Iris PreSchool","robots":{"index":"index","follow":"follow","max-snippet":"max-snippet:-1","max-image-preview":"max-image-preview:large","max-video-preview":"max-video-preview:-1"},"canonical":"https:\/\/irispreschool.com.vn\/vi\/chinh-sach-bao-mat\/","og_locale":"vi_VN","og_type":"article","og_title":"Privacy Policy","og_description":"Who we are Suggested text: Our website address is: https:\/\/irispreschool.com.vn. Comments Suggested text: When visitors leave comments on the site we collect the data shown in the comments form, and also the visitor&#8217;s IP address and browser user agent string to help spam detection. An anonymized string created from your email address (also called a [&hellip;]","og_url":"https:\/\/irispreschool.com.vn\/vi\/chinh-sach-bao-mat\/","og_site_name":"Iris PreSchool","article_modified_time":"2022-11-08T06:50:05+00:00","twitter_card":"summary_large_image","twitter_misc":{"\u01af\u1edbc t\u00ednh th\u1eddi gian \u0111\u1ecdc":"3 ph\u00fat"},"schema":{"@context":"https:\/\/schema.org","@graph":[{"@type":"WebPage","@id":"https:\/\/irispreschool.com.vn\/privacy-policy\/","url":"https:\/\/irispreschool.com.vn\/privacy-policy\/","name":"Privacy Policy - Iris PreSchool","isPartOf":{"@id":"https:\/\/irispreschool.com.vn\/#website"},"datePublished":"2021-10-30T12:03:43+00:00","dateModified":"2022-11-08T06:50:05+00:00","breadcrumb":{"@id":"https:\/\/irispreschool.com.vn\/privacy-policy\/#breadcrumb"},"inLanguage":"vi","potentialAction":[{"@type":"ReadAction","target":["https:\/\/irispreschool.com.vn\/privacy-policy\/"]}]},{"@type":"BreadcrumbList","@id":"https:\/\/irispreschool.com.vn\/privacy-policy\/#breadcrumb","itemListElement":[{"@type":"ListItem","position":1,"name":"Home","item":"https:\/\/irispreschool.com.vn\/"},{"@type":"ListItem","position":2,"name":"Privacy Policy"}]},{"@type":"WebSite","@id":"https:\/\/irispreschool.com.vn\/#website","url":"https:\/\/irispreschool.com.vn\/","name":"Iris PreSchool","description":"Together We\u2019ll Explore New Things","publisher":{"@id":"https:\/\/irispreschool.com.vn\/#organization"},"potentialAction":[{"@type":"SearchAction","target":{"@type":"EntryPoint","urlTemplate":"https:\/\/irispreschool.com.vn\/?s={search_term_string}"},"query-input":"required name=search_term_string"}],"inLanguage":"vi"},{"@type":"Organization","@id":"https:\/\/irispreschool.com.vn\/#organization","name":"Iris PreSchool","url":"https:\/\/irispreschool.com.vn\/","logo":{"@type":"ImageObject","inLanguage":"vi","@id":"https:\/\/irispreschool.com.vn\/#\/schema\/logo\/image\/","url":"https:\/\/irispreschool.com.vn\/wp-content\/uploads\/2025\/05\/IRIS-Logo.png","contentUrl":"https:\/\/irispreschool.com.vn\/wp-content\/uploads\/2025\/05\/IRIS-Logo.png","width":512,"height":512,"caption":"Iris PreSchool"},"image":{"@id":"https:\/\/irispreschool.com.vn\/#\/schema\/logo\/image\/"}}]}},"_links":{"self":[{"href":"https:\/\/irispreschool.com.vn\/vi\/wp-json\/wp\/v2\/pages\/3","targetHints":{"allow":["GET"]}}],"collection":[{"href":"https:\/\/irispreschool.com.vn\/vi\/wp-json\/wp\/v2\/pages"}],"about":[{"href":"https:\/\/irispreschool.com.vn\/vi\/wp-json\/wp\/v2\/types\/page"}],"author":[{"embeddable":true,"href":"https:\/\/irispreschool.com.vn\/vi\/wp-json\/wp\/v2\/users\/1"}],"replies":[{"embeddable":true,"href":"https:\/\/irispreschool.com.vn\/vi\/wp-json\/wp\/v2\/comments?post=3"}],"version-history":[{"count":0,"href":"https:\/\/irispreschool.com.vn\/vi\/wp-json\/wp\/v2\/pages\/3\/revisions"}],"wp:attachment":[{"href":"https:\/\/irispreschool.com.vn\/vi\/wp-json\/wp\/v2\/media?parent=3"}],"curies":[{"name":"wp","href":"https:\/\/api.w.org\/{rel}","templated":true}]}}