{"id":23814,"date":"2025-05-23T09:32:26","date_gmt":"2025-05-23T02:32:26","guid":{"rendered":"https:\/\/irispreschool.123websitedev.com\/?page_id=23814"},"modified":"2025-05-23T09:33:17","modified_gmt":"2025-05-23T02:33:17","slug":"nutrition-for-baby","status":"publish","type":"page","link":"https:\/\/irispreschool.com.vn\/vi\/dinh-duong-cho-be\/","title":{"rendered":"Dinh d\u01b0\u1ee1ng cho b\u00e9"},"content":{"rendered":"<div data-elementor-type=\"wp-page\" data-elementor-id=\"23814\" class=\"elementor elementor-23814\">\n\t\t\t\t\t\t<section class=\"elementor-section elementor-top-section elementor-element elementor-element-bbc7568 elementor-section-boxed elementor-section-height-default elementor-section-height-default\" data-id=\"bbc7568\" data-element_type=\"section\" data-settings=\"{&quot;wdt_bg_image&quot;:{&quot;url&quot;:&quot;&quot;,&quot;id&quot;:&quot;&quot;,&quot;size&quot;:&quot;&quot;},&quot;wdt_bg_image_laptop&quot;:{&quot;url&quot;:&quot;&quot;,&quot;id&quot;:&quot;&quot;,&quot;size&quot;:&quot;&quot;},&quot;wdt_bg_image_tablet_extra&quot;:{&quot;url&quot;:&quot;&quot;,&quot;id&quot;:&quot;&quot;,&quot;size&quot;:&quot;&quot;},&quot;wdt_bg_image_tablet&quot;:{&quot;url&quot;:&quot;&quot;,&quot;id&quot;:&quot;&quot;,&quot;size&quot;:&quot;&quot;},&quot;wdt_bg_image_mobile_extra&quot;:{&quot;url&quot;:&quot;&quot;,&quot;id&quot;:&quot;&quot;,&quot;size&quot;:&quot;&quot;},&quot;wdt_bg_image_mobile&quot;:{&quot;url&quot;:&quot;&quot;,&quot;id&quot;:&quot;&quot;,&quot;size&quot;:&quot;&quot;},&quot;wdt_bg_position&quot;:&quot;center center&quot;,&quot;wdt_animation_effect&quot;:&quot;none&quot;}\">\n\t\t\t\t\t\t<div class=\"elementor-container elementor-column-gap-no\">\n\t\t\t\t\t<div class=\"elementor-column elementor-col-100 elementor-top-column elementor-element elementor-element-17dae26\" data-id=\"17dae26\" data-element_type=\"column\">\n\t\t\t<div class=\"elementor-widget-wrap elementor-element-populated\">\n\t\t\t\t\t\t<div class=\"elementor-element elementor-element-9b9cfc3 elementor-widget elementor-widget-wdt-blog-posts\" data-id=\"9b9cfc3\" data-element_type=\"widget\" data-settings=\"{&quot;wdt_animation_effect&quot;:&quot;none&quot;}\" data-widget_type=\"wdt-blog-posts.default\">\n\t\t\t\t<div class=\"elementor-widget-container\">\n\t\t\t<div class=\"wdt-posts-list-wrapper\" ><div class='tpl-blog-holder  apply-isotope'><div class='grid-sizer  entry-list-layout wdt-classic-style entry-left-thumb wdt-default-hover wdt-bt-gradient-overlay column wdt-one-column wdt-post-entry'><\/div><div class=\"entry-list-layout wdt-classic-style entry-left-thumb wdt-default-hover wdt-bt-gradient-overlay column wdt-one-column wdt-post-entry\"><article id=\"post-5319\" class=\"post-5319 post type-post status-publish format-standard has-post-thumbnail hentry category-a-handbook-of-parents category-iris-news category-nutrition-for-baby blog-entry entry-date-added\">\r\n\r\n\r\n\t<!-- Featured Image -->\r\n\t\t<div class=\"entry-thumb\">\r\n\t\t\r\n<div class=\"blog-image\"><a style=\"background-image:url()\" href=\"https:\/\/irispreschool.com.vn\/vi\/hoa-qua\/\" title=\"Li\u00ean k\u1ebft c\u1ed1 \u0111\u1ecbnh \u0111\u1ebfn FRUIT\"><\/a><\/div>        <\/div><!-- Featured Image -->\r\n<!-- Entry Date -->\r\n<div class=\"entry-date\">\r\n\t<i class=\"wdticon-calendar\"> <\/i>\r\n\t16\/10\/2018<\/div><!-- Entry Date -->\r\n<!-- Entry Title -->\r\n<div class=\"entry-title\">\r\n\t<h4>    \t<a href=\"https:\/\/irispreschool.com.vn\/vi\/hoa-qua\/\" title=\"Li\u00ean k\u1ebft c\u1ed1 \u0111\u1ecbnh \u0111\u1ebfn FRUIT\">HOA QU\u1ea2<\/a>\r\n\t<\/h4>\r\n<\/div><!-- Entry Title -->\r\n\t<div class=\"entry-body\"><p>Tr\u1ebb em v\u00e0 cha m\u1eb9 \u2013 c\u00f9ng nhau h\u1ecdc h\u1ecfi H\u01b0\u1edbng d\u1eabn ch\u1ebf \u0111\u1ed9 \u0103n u\u1ed1ng c\u1ee7a \u00dac khuy\u1ebfn ngh\u1ecb n\u00ean \u0103n nhi\u1ec1u lo\u1ea1i tr\u00e1i c\u00e2y m\u1ed7i ng\u00e0y. Ch\u1ecdn tr\u00e1i c\u00e2y tr\u01b0\u1edbc thay v\u00ec c\u00e1c lo\u1ea1i th\u1ef1c ph\u1ea9m \u201cth\u1ec9nh tho\u1ea3ng\u201d ho\u1eb7c \u201cth\u00eam\u201d nh\u01b0 b\u00e1nh n\u01b0\u1edbng, khoai t\u00e2y chi\u00ean, b\u00e1nh quy, b\u00e1nh ng\u1ecdt, k\u1eb9o v\u00e0 s\u00f4 c\u00f4 la c\u00f3 th\u1ec3 gi\u00fap b\u1ea1n \u0111\u00e1p \u1ee9ng...<\/p><\/div>\r\n\r\n<!-- Entry Button --><div class=\"entry-button wdt-button-clone\"><a href=\"https:\/\/irispreschool.com.vn\/vi\/hoa-qua\/\" title=\"HOA QU\u1ea2\" class=\"wdt-button\">\u0110\u1ecdc th\u00eam<span><svg xmlns=\"http:\/\/www.w3.org\/2000\/svg\" xmlns:xlink=\"http:\/\/www.w3.org\/1999\/xlink\" x=\"0px\" y=\"0px\" viewbox=\"0 0 100 59\" style=\"enable-background:new 0 0 100 59;\" xml:space=\"preserve\"><polygon points=\"59.9,6.1 79.4,25.7 6,25.7 6,33.3 79.4,33.3 59.9,52.9 65.3,58.2 94,29.5 65.3,0.8 \"><\/polygon><\/svg><\/span><\/a><\/div><!-- Entry Button --><\/article><\/div><div class=\"entry-list-layout wdt-classic-style entry-left-thumb wdt-default-hover wdt-bt-gradient-overlay column wdt-one-column wdt-post-entry\"><article id=\"post-4259\" class=\"post-4259 post type-post status-publish format-standard has-post-thumbnail hentry category-a-handbook-of-parents category-nutrition-for-baby blog-entry entry-date-added\">\r\n\r\n\r\n\t<!-- Featured Image -->\r\n\t\t<div class=\"entry-thumb\">\r\n\t\t\r\n<div class=\"blog-image\"><a style=\"background-image:url()\" href=\"https:\/\/irispreschool.com.vn\/vi\/phuong-phap-giup-tre-em-thanh-cong-trong-tuong-lai\/\" title=\"Li\u00ean k\u1ebft c\u1ed1 \u0111\u1ecbnh \u0111\u1ebfn PH\u01af\u01a0NG PH\u00c1P GI\u00daP TR\u1eba TH\u00c0NH C\u00d4NG TRONG T\u01af\u01a0NG LAI\"><\/a><\/div>        <\/div><!-- Featured Image -->\r\n<!-- Entry Date -->\r\n<div class=\"entry-date\">\r\n\t<i class=\"wdticon-calendar\"> <\/i>\r\n\t10\/05\/2017<\/div><!-- Entry Date -->\r\n<!-- Entry Title -->\r\n<div class=\"entry-title\">\r\n\t<h4>    \t<a href=\"https:\/\/irispreschool.com.vn\/vi\/phuong-phap-giup-tre-em-thanh-cong-trong-tuong-lai\/\" title=\"Li\u00ean k\u1ebft c\u1ed1 \u0111\u1ecbnh \u0111\u1ebfn PH\u01af\u01a0NG PH\u00c1P GI\u00daP TR\u1eba TH\u00c0NH C\u00d4NG TRONG T\u01af\u01a0NG LAI\">PH\u01af\u01a0NG PH\u00c1P GI\u00daP TR\u1eba TH\u00c0NH C\u00d4NG TRONG T\u01af\u01a0NG LAI<\/a>\r\n\t<\/h4>\r\n<\/div><!-- Entry Title -->\r\n\t<div class=\"entry-body\"><p>D\u1ea1y tr\u1ebb em, m\u1ed9t \u00fd t\u01b0\u1edfng \u0111\u01a1n gi\u1ea3n nh\u01b0ng th\u1ef1c ra l\u1ea1i r\u1ea5t kh\u00f3 v\u00e0 quan tr\u1ecdng. D\u1ea1y nh\u01b0 th\u1ebf n\u00e0o l\u00e0 ph\u00f9 h\u1ee3p v\u1edbi tr\u1ebb? Ph\u1ea3i d\u1ea1y nh\u01b0 th\u1ebf n\u00e0o \u0111\u1ec3 c\u00f3 \u0111\u01b0\u1ee3c nh\u1eefng \u0111\u1ee9a tr\u1ebb ngoan v\u00e0 h\u00ecnh th\u00e0nh nh\u00e2n c\u00e1ch t\u1ed1t? \u0110\u00f3 l\u00e0 c\u00e2u h\u1ecfi c\u1ee7a t\u1ea5t c\u1ea3 c\u00e1c b\u1eadc ph\u1ee5 huynh. Bi\u1ebft ph\u1ea3i l\u00e0m g\u00ec...<\/p><\/div>\r\n\r\n<!-- Entry Button --><div class=\"entry-button wdt-button-clone\"><a href=\"https:\/\/irispreschool.com.vn\/vi\/phuong-phap-giup-tre-em-thanh-cong-trong-tuong-lai\/\" title=\"PH\u01af\u01a0NG PH\u00c1P GI\u00daP TR\u1eba TH\u00c0NH C\u00d4NG TRONG T\u01af\u01a0NG LAI\" class=\"wdt-button\">\u0110\u1ecdc th\u00eam<span><svg xmlns=\"http:\/\/www.w3.org\/2000\/svg\" xmlns:xlink=\"http:\/\/www.w3.org\/1999\/xlink\" x=\"0px\" y=\"0px\" viewbox=\"0 0 100 59\" style=\"enable-background:new 0 0 100 59;\" xml:space=\"preserve\"><polygon points=\"59.9,6.1 79.4,25.7 6,25.7 6,33.3 79.4,33.3 59.9,52.9 65.3,58.2 94,29.5 65.3,0.8 \"><\/polygon><\/svg><\/span><\/a><\/div><!-- Entry Button --><\/article><\/div><div class=\"entry-list-layout wdt-classic-style entry-left-thumb wdt-default-hover wdt-bt-gradient-overlay column wdt-one-column wdt-post-entry\"><article id=\"post-4257\" class=\"post-4257 post type-post status-publish format-standard has-post-thumbnail hentry category-a-handbook-of-parents category-nutrition-for-baby blog-entry entry-date-added\">\r\n\r\n\r\n\t<!-- Featured Image -->\r\n\t\t<div class=\"entry-thumb\">\r\n\t\t\r\n<div class=\"blog-image\"><a style=\"background-image:url()\" href=\"https:\/\/irispreschool.com.vn\/vi\/che-do-an-kieng-tai-truong-mam-non-iris\/\" title=\"Li\u00ean k\u1ebft c\u1ed1 \u0111\u1ecbnh \u0111\u1ebfn Ch\u1ebf \u0111\u1ed9 \u0103n u\u1ed1ng t\u1ea1i tr\u01b0\u1eddng m\u1ea7m non Iris\"><\/a><\/div>        <\/div><!-- Featured Image -->\r\n<!-- Entry Date -->\r\n<div class=\"entry-date\">\r\n\t<i class=\"wdticon-calendar\"> <\/i>\r\n\t10\/05\/2017<\/div><!-- Entry Date -->\r\n<!-- Entry Title -->\r\n<div class=\"entry-title\">\r\n\t<h4>    \t<a href=\"https:\/\/irispreschool.com.vn\/vi\/che-do-an-kieng-tai-truong-mam-non-iris\/\" title=\"Li\u00ean k\u1ebft c\u1ed1 \u0111\u1ecbnh \u0111\u1ebfn Ch\u1ebf \u0111\u1ed9 \u0103n u\u1ed1ng t\u1ea1i tr\u01b0\u1eddng m\u1ea7m non Iris\">Ch\u1ebf \u0111\u1ed9 \u0103n u\u1ed1ng t\u1ea1i tr\u01b0\u1eddng m\u1ea7m non Iris<\/a>\r\n\t<\/h4>\r\n<\/div><!-- Entry Title -->\r\n\t<div class=\"entry-body\"><p>Dinh d\u01b0\u1ee1ng trong nh\u1eefng n\u0103m \u0111\u1ea7u \u0111\u1eddi \u1ea3nh h\u01b0\u1edfng r\u1ea5t l\u1edbn \u0111\u1ebfn th\u1ec3 ch\u1ea5t v\u00e0 tinh th\u1ea7n c\u1ee7a m\u1ed7i ng\u01b0\u1eddi sau n\u00e0y. Trong th\u1eddi \u0111\u1ea1i th\u00f4ng tin ng\u00e0y nay, con ng\u01b0\u1eddi c\u00f3 th\u1ec3 ti\u1ebfp c\u1eadn v\u1edbi nhi\u1ec1u ph\u01b0\u01a1ng ph\u00e1p nu\u00f4i d\u1ea1y con c\u00e1i t\u1eeb truy\u1ec1n th\u1ed1ng \u0111\u1ebfn hi\u1ec7n \u0111\u1ea1i. Nh\u01b0ng nhi\u1ec1u...<\/p><\/div>\r\n\r\n<!-- Entry Button --><div class=\"entry-button wdt-button-clone\"><a href=\"https:\/\/irispreschool.com.vn\/vi\/che-do-an-kieng-tai-truong-mam-non-iris\/\" title=\"Ch\u1ebf \u0111\u1ed9 \u0103n u\u1ed1ng t\u1ea1i tr\u01b0\u1eddng m\u1ea7m non Iris\" class=\"wdt-button\">\u0110\u1ecdc th\u00eam<span><svg xmlns=\"http:\/\/www.w3.org\/2000\/svg\" xmlns:xlink=\"http:\/\/www.w3.org\/1999\/xlink\" x=\"0px\" y=\"0px\" viewbox=\"0 0 100 59\" style=\"enable-background:new 0 0 100 59;\" xml:space=\"preserve\"><polygon points=\"59.9,6.1 79.4,25.7 6,25.7 6,33.3 79.4,33.3 59.9,52.9 65.3,58.2 94,29.5 65.3,0.8 \"><\/polygon><\/svg><\/span><\/a><\/div><!-- Entry Button --><\/article><\/div><\/div><div class=\"pagination blog-pagination\"><\/div><\/div>\t\t<\/div>\n\t\t\t\t<\/div>\n\t\t\t\t\t<\/div>\n\t\t<\/div>\n\t\t\t\t\t<\/div>\n\t\t<\/section>\n\t\t\t\t<\/div>","protected":false},"excerpt":{"rendered":"<p>16\/10\/2018 TR\u00c1I C\u00c2Y Tr\u1ebb em v\u00e0 cha m\u1eb9 \u2013 c\u00f9ng nhau h\u1ecdc h\u1ecfi H\u01b0\u1edbng d\u1eabn ch\u1ebf \u0111\u1ed9 \u0103n u\u1ed1ng c\u1ee7a \u00dac khuy\u1ebfn ngh\u1ecb n\u00ean \u0103n nhi\u1ec1u lo\u1ea1i tr\u00e1i c\u00e2y m\u1ed7i ng\u00e0y. Ch\u1ecdn tr\u00e1i c\u00e2y tr\u01b0\u1edbc ti\u00ean thay v\u00ec c\u00e1c lo\u1ea1i th\u1ef1c ph\u1ea9m \u201cth\u1ec9nh tho\u1ea3ng\u201d ho\u1eb7c \u201cth\u00eam\u201d nh\u01b0 b\u00e1nh n\u01b0\u1edbng, khoai t\u00e2y chi\u00ean, b\u00e1nh quy, b\u00e1nh ng\u1ecdt, k\u1eb9o v\u00e0 s\u00f4 c\u00f4 la c\u00f3 th\u1ec3 gi\u00fap b\u1ea1n\u2026 \u0110\u1ecdc th\u00eam 10\/05\/2017 C\u00c1C PH\u01af\u01a0NG PH\u00c1P GI\u00daP TR\u1eba EM TH\u00c0NH C\u00d4NG TRONG T\u01af\u01a0NG LAI D\u1ea1y tr\u1ebb em, m\u1ed9t \u00fd t\u01b0\u1edfng \u0111\u01a1n gi\u1ea3n nh\u01b0ng [\u2026]<\/p>","protected":false},"author":1,"featured_media":0,"parent":0,"menu_order":0,"comment_status":"closed","ping_status":"closed","template":"","meta":{"footnotes":""},"class_list":["post-23814","page","type-page","status-publish","hentry","blog-entry","format-standard","entry-date-added"],"yoast_head":"<!-- This site is optimized with the Yoast SEO Premium plugin v20.9 (Yoast SEO v20.9) - https:\/\/yoast.com\/wordpress\/plugins\/seo\/ -->\n<title>Nutrition For Baby - Iris PreSchool<\/title>\n<meta name=\"robots\" content=\"index, follow, max-snippet:-1, max-image-preview:large, max-video-preview:-1\" \/>\n<link rel=\"canonical\" href=\"https:\/\/irispreschool.com.vn\/vi\/dinh-duong-cho-be\/\" \/>\n<meta property=\"og:locale\" content=\"vi_VN\" \/>\n<meta property=\"og:type\" content=\"article\" \/>\n<meta property=\"og:title\" content=\"Nutrition For Baby\" \/>\n<meta property=\"og:description\" content=\"16\/10\/2018 FRUIT Children and parents &#8211; learning together The Australian Dietary Guidelines recommend eating a variety of fruit every day. Choosing fruit first over \u201coccasional\u201d or \u201cextra\u201d foods such as pies, crisps, biscuits, cakes, lollies and chocolate can help you&#8230; Read More 10\/05\/2017 METHODS FOR HELPING FUTURE SUCCESSFUL CHILDREN Teaching children, a simple idea but [&hellip;]\" \/>\n<meta property=\"og:url\" content=\"https:\/\/irispreschool.com.vn\/vi\/dinh-duong-cho-be\/\" \/>\n<meta property=\"og:site_name\" content=\"Iris PreSchool\" \/>\n<meta property=\"article:modified_time\" content=\"2025-05-23T02:33:17+00:00\" \/>\n<meta name=\"twitter:card\" content=\"summary_large_image\" \/>\n<meta name=\"twitter:label1\" content=\"\u01af\u1edbc t\u00ednh th\u1eddi gian \u0111\u1ecdc\" \/>\n\t<meta name=\"twitter:data1\" content=\"1 ph\u00fat\" \/>\n<script type=\"application\/ld+json\" class=\"yoast-schema-graph\">{\"@context\":\"https:\/\/schema.org\",\"@graph\":[{\"@type\":\"WebPage\",\"@id\":\"https:\/\/irispreschool.com.vn\/nutrition-for-baby\/\",\"url\":\"https:\/\/irispreschool.com.vn\/nutrition-for-baby\/\",\"name\":\"Nutrition For Baby - Iris PreSchool\",\"isPartOf\":{\"@id\":\"https:\/\/irispreschool.com.vn\/#website\"},\"datePublished\":\"2025-05-23T02:32:26+00:00\",\"dateModified\":\"2025-05-23T02:33:17+00:00\",\"breadcrumb\":{\"@id\":\"https:\/\/irispreschool.com.vn\/nutrition-for-baby\/#breadcrumb\"},\"inLanguage\":\"vi\",\"potentialAction\":[{\"@type\":\"ReadAction\",\"target\":[\"https:\/\/irispreschool.com.vn\/nutrition-for-baby\/\"]}]},{\"@type\":\"BreadcrumbList\",\"@id\":\"https:\/\/irispreschool.com.vn\/nutrition-for-baby\/#breadcrumb\",\"itemListElement\":[{\"@type\":\"ListItem\",\"position\":1,\"name\":\"Home\",\"item\":\"https:\/\/irispreschool.com.vn\/\"},{\"@type\":\"ListItem\",\"position\":2,\"name\":\"Nutrition For Baby\"}]},{\"@type\":\"WebSite\",\"@id\":\"https:\/\/irispreschool.com.vn\/#website\",\"url\":\"https:\/\/irispreschool.com.vn\/\",\"name\":\"Iris PreSchool\",\"description\":\"Together We\u2019ll Explore New Things\",\"publisher\":{\"@id\":\"https:\/\/irispreschool.com.vn\/#organization\"},\"potentialAction\":[{\"@type\":\"SearchAction\",\"target\":{\"@type\":\"EntryPoint\",\"urlTemplate\":\"https:\/\/irispreschool.com.vn\/?s={search_term_string}\"},\"query-input\":\"required name=search_term_string\"}],\"inLanguage\":\"vi\"},{\"@type\":\"Organization\",\"@id\":\"https:\/\/irispreschool.com.vn\/#organization\",\"name\":\"Iris PreSchool\",\"url\":\"https:\/\/irispreschool.com.vn\/\",\"logo\":{\"@type\":\"ImageObject\",\"inLanguage\":\"vi\",\"@id\":\"https:\/\/irispreschool.com.vn\/#\/schema\/logo\/image\/\",\"url\":\"https:\/\/irispreschool.com.vn\/wp-content\/uploads\/2025\/05\/IRIS-Logo.png\",\"contentUrl\":\"https:\/\/irispreschool.com.vn\/wp-content\/uploads\/2025\/05\/IRIS-Logo.png\",\"width\":512,\"height\":512,\"caption\":\"Iris PreSchool\"},\"image\":{\"@id\":\"https:\/\/irispreschool.com.vn\/#\/schema\/logo\/image\/\"}}]}<\/script>\n<!-- \/ Yoast SEO Premium plugin. -->","yoast_head_json":{"title":"Nutrition For Baby - Iris PreSchool","robots":{"index":"index","follow":"follow","max-snippet":"max-snippet:-1","max-image-preview":"max-image-preview:large","max-video-preview":"max-video-preview:-1"},"canonical":"https:\/\/irispreschool.com.vn\/vi\/dinh-duong-cho-be\/","og_locale":"vi_VN","og_type":"article","og_title":"Nutrition For Baby","og_description":"16\/10\/2018 FRUIT Children and parents &#8211; learning together The Australian Dietary Guidelines recommend eating a variety of fruit every day. Choosing fruit first over \u201coccasional\u201d or \u201cextra\u201d foods such as pies, crisps, biscuits, cakes, lollies and chocolate can help you&#8230; Read More 10\/05\/2017 METHODS FOR HELPING FUTURE SUCCESSFUL CHILDREN Teaching children, a simple idea but [&hellip;]","og_url":"https:\/\/irispreschool.com.vn\/vi\/dinh-duong-cho-be\/","og_site_name":"Iris PreSchool","article_modified_time":"2025-05-23T02:33:17+00:00","twitter_card":"summary_large_image","twitter_misc":{"\u01af\u1edbc t\u00ednh th\u1eddi gian \u0111\u1ecdc":"1 ph\u00fat"},"schema":{"@context":"https:\/\/schema.org","@graph":[{"@type":"WebPage","@id":"https:\/\/irispreschool.com.vn\/nutrition-for-baby\/","url":"https:\/\/irispreschool.com.vn\/nutrition-for-baby\/","name":"Nutrition For Baby - Iris PreSchool","isPartOf":{"@id":"https:\/\/irispreschool.com.vn\/#website"},"datePublished":"2025-05-23T02:32:26+00:00","dateModified":"2025-05-23T02:33:17+00:00","breadcrumb":{"@id":"https:\/\/irispreschool.com.vn\/nutrition-for-baby\/#breadcrumb"},"inLanguage":"vi","potentialAction":[{"@type":"ReadAction","target":["https:\/\/irispreschool.com.vn\/nutrition-for-baby\/"]}]},{"@type":"BreadcrumbList","@id":"https:\/\/irispreschool.com.vn\/nutrition-for-baby\/#breadcrumb","itemListElement":[{"@type":"ListItem","position":1,"name":"Home","item":"https:\/\/irispreschool.com.vn\/"},{"@type":"ListItem","position":2,"name":"Nutrition For Baby"}]},{"@type":"WebSite","@id":"https:\/\/irispreschool.com.vn\/#website","url":"https:\/\/irispreschool.com.vn\/","name":"Iris PreSchool","description":"Together We\u2019ll Explore New Things","publisher":{"@id":"https:\/\/irispreschool.com.vn\/#organization"},"potentialAction":[{"@type":"SearchAction","target":{"@type":"EntryPoint","urlTemplate":"https:\/\/irispreschool.com.vn\/?s={search_term_string}"},"query-input":"required name=search_term_string"}],"inLanguage":"vi"},{"@type":"Organization","@id":"https:\/\/irispreschool.com.vn\/#organization","name":"Iris PreSchool","url":"https:\/\/irispreschool.com.vn\/","logo":{"@type":"ImageObject","inLanguage":"vi","@id":"https:\/\/irispreschool.com.vn\/#\/schema\/logo\/image\/","url":"https:\/\/irispreschool.com.vn\/wp-content\/uploads\/2025\/05\/IRIS-Logo.png","contentUrl":"https:\/\/irispreschool.com.vn\/wp-content\/uploads\/2025\/05\/IRIS-Logo.png","width":512,"height":512,"caption":"Iris PreSchool"},"image":{"@id":"https:\/\/irispreschool.com.vn\/#\/schema\/logo\/image\/"}}]}},"_links":{"self":[{"href":"https:\/\/irispreschool.com.vn\/vi\/wp-json\/wp\/v2\/pages\/23814","targetHints":{"allow":["GET"]}}],"collection":[{"href":"https:\/\/irispreschool.com.vn\/vi\/wp-json\/wp\/v2\/pages"}],"about":[{"href":"https:\/\/irispreschool.com.vn\/vi\/wp-json\/wp\/v2\/types\/page"}],"author":[{"embeddable":true,"href":"https:\/\/irispreschool.com.vn\/vi\/wp-json\/wp\/v2\/users\/1"}],"replies":[{"embeddable":true,"href":"https:\/\/irispreschool.com.vn\/vi\/wp-json\/wp\/v2\/comments?post=23814"}],"version-history":[{"count":0,"href":"https:\/\/irispreschool.com.vn\/vi\/wp-json\/wp\/v2\/pages\/23814\/revisions"}],"wp:attachment":[{"href":"https:\/\/irispreschool.com.vn\/vi\/wp-json\/wp\/v2\/media?parent=23814"}],"curies":[{"name":"wp","href":"https:\/\/api.w.org\/{rel}","templated":true}]}}