{"id":23802,"date":"2025-05-23T09:28:36","date_gmt":"2025-05-23T02:28:36","guid":{"rendered":"https:\/\/irispreschool.123websitedev.com\/?page_id=23802"},"modified":"2025-05-23T09:30:38","modified_gmt":"2025-05-23T02:30:38","slug":"iris-news","status":"publish","type":"page","link":"https:\/\/irispreschool.com.vn\/vi\/tin-tuc-iris\/","title":{"rendered":"Tin t\u1ee9c Iris"},"content":{"rendered":"<div data-elementor-type=\"wp-page\" data-elementor-id=\"23802\" class=\"elementor elementor-23802\">\n\t\t\t\t\t\t<section class=\"elementor-section elementor-top-section elementor-element elementor-element-bbc7568 elementor-section-boxed elementor-section-height-default elementor-section-height-default\" data-id=\"bbc7568\" data-element_type=\"section\" data-settings=\"{&quot;wdt_bg_image&quot;:{&quot;url&quot;:&quot;&quot;,&quot;id&quot;:&quot;&quot;,&quot;size&quot;:&quot;&quot;},&quot;wdt_bg_image_laptop&quot;:{&quot;url&quot;:&quot;&quot;,&quot;id&quot;:&quot;&quot;,&quot;size&quot;:&quot;&quot;},&quot;wdt_bg_image_tablet_extra&quot;:{&quot;url&quot;:&quot;&quot;,&quot;id&quot;:&quot;&quot;,&quot;size&quot;:&quot;&quot;},&quot;wdt_bg_image_tablet&quot;:{&quot;url&quot;:&quot;&quot;,&quot;id&quot;:&quot;&quot;,&quot;size&quot;:&quot;&quot;},&quot;wdt_bg_image_mobile_extra&quot;:{&quot;url&quot;:&quot;&quot;,&quot;id&quot;:&quot;&quot;,&quot;size&quot;:&quot;&quot;},&quot;wdt_bg_image_mobile&quot;:{&quot;url&quot;:&quot;&quot;,&quot;id&quot;:&quot;&quot;,&quot;size&quot;:&quot;&quot;},&quot;wdt_bg_position&quot;:&quot;center center&quot;,&quot;wdt_animation_effect&quot;:&quot;none&quot;}\">\n\t\t\t\t\t\t<div class=\"elementor-container elementor-column-gap-no\">\n\t\t\t\t\t<div class=\"elementor-column elementor-col-100 elementor-top-column elementor-element elementor-element-17dae26\" data-id=\"17dae26\" data-element_type=\"column\">\n\t\t\t<div class=\"elementor-widget-wrap elementor-element-populated\">\n\t\t\t\t\t\t<div class=\"elementor-element elementor-element-9b9cfc3 elementor-widget elementor-widget-wdt-blog-posts\" data-id=\"9b9cfc3\" data-element_type=\"widget\" data-settings=\"{&quot;wdt_animation_effect&quot;:&quot;none&quot;}\" data-widget_type=\"wdt-blog-posts.default\">\n\t\t\t\t<div class=\"elementor-widget-container\">\n\t\t\t<div class=\"wdt-posts-list-wrapper\" ><div class='tpl-blog-holder  apply-isotope'><div class='grid-sizer  entry-list-layout wdt-classic-style entry-left-thumb wdt-default-hover wdt-bt-gradient-overlay column wdt-one-column wdt-post-entry'><\/div><div class=\"entry-list-layout wdt-classic-style entry-left-thumb wdt-default-hover wdt-bt-gradient-overlay column wdt-one-column wdt-post-entry\"><article id=\"post-24504\" class=\"post-24504 post type-post status-publish format-standard has-post-thumbnail hentry category-iris-event category-iris-news blog-entry entry-date-added\">\r\n\r\n\r\n\t<!-- Featured Image -->\r\n\t\t<div class=\"entry-thumb\">\r\n\t\t\r\n<div class=\"blog-image\"><a style=\"background-image:url(https:\/\/irispreschool.com.vn\/wp-content\/uploads\/2025\/06\/mam-non-quoc-te-thanh-pho-thu-duc.jpg)\" href=\"https:\/\/irispreschool.com.vn\/vi\/\ud835\udc00\ud835\udc0c\ud835\udc00\ud835\udc19\ud835\udc08\ud835\udc0d\ud835\udc06-\ud835\udc12\ud835\udc14\ud835\udc0c\ud835\udc0c\ud835\udc04\ud835\udc11-\ud835\udc08\ud835\udc11\ud835\udc08s\/\" title=\"Permalink to CH\u01af\u01a0NG TR\u00ccNH H\u1eccC T\u1eacP VUI CH\u01a0I \u0110\u1ed3ng CH\u1ee6 \u0110\u1ec0 &#039;N\u01af\u1edaC&#039; \u2013 HO\u1ea0T \u0110\u1ed8NG C\u1eaeM TR\u1ea0I H\u00c8 TAI IRIS\"><\/a><\/div>        <\/div><!-- Featured Image -->\r\n<!-- Entry Date -->\r\n<div class=\"entry-date\">\r\n\t<i class=\"wdticon-calendar\"> <\/i>\r\n\t10\/06\/2025<\/div><!-- Entry Date -->\r\n<!-- Entry Title -->\r\n<div class=\"entry-title\">\r\n\t<h4>    \t<a href=\"https:\/\/irispreschool.com.vn\/vi\/\ud835\udc00\ud835\udc0c\ud835\udc00\ud835\udc19\ud835\udc08\ud835\udc0d\ud835\udc06-\ud835\udc12\ud835\udc14\ud835\udc0c\ud835\udc0c\ud835\udc04\ud835\udc11-\ud835\udc08\ud835\udc11\ud835\udc08s\/\" title=\"Permalink to CH\u01af\u01a0NG TR\u00ccNH H\u1eccC T\u1eacP VUI CH\u01a0I \u0110\u1ed3ng CH\u1ee6 \u0110\u1ec0 &#039;N\u01af\u1edaC&#039; \u2013 HO\u1ea0T \u0110\u1ed8NG C\u1eaeM TR\u1ea0I H\u00c8 TAI IRIS\">CH\u01af\u01a0NG TR\u00ccNH H\u1eccC T\u1eacP VUI CH\u01a0I \u0110\u1ed3ng CH\u1ee6 \u0110\u1ec0 &#039;N\u01af\u1edaC&#039; \u2013 HO\u1ea0T \u0110\u1ed8NG C\u1eaeM TR\u1ea0I H\u00c8 TAI IRIS<\/a>\r\n\t<\/h4>\r\n<\/div><!-- Entry Title -->\r\n\t<div class=\"entry-body\"><p>\ud835\udc00\ud835\udc0c\ud835\udc00\ud835\udc19\ud835\udc08\ud835\udc0d\ud835\udc06 \ud835\udc12\ud835\udc14\ud835\udc0c\ud835\udc0c\ud835\udc04\ud835\udc11 \ud835\udc08\ud835\udc11\ud835\udc08\ud835\udc12 \ud835\udfd0\ud835\udfce\ud835\udfd0\ud835\udfd3 CH\u01af\u01a0NG TR\u00ccNH H\u1eccC T\u1eacP VUI CH\u01a0I v\u00e0 CH\u1ee6 \u0110\u1ec0 &#039;N&#039; \u2013 HO\u1ea0T C\u1eaeM TR\u1ea0I H\u00c8 Tr\u1ea1i h\u00e8 2025 t\u1ea1i Iris l\u00e0 c\u01a1 h\u1ed9i cho c\u00e1c con vui h\u1ecdc ti\u1ebfng Anh m\u1ed7i ng\u00e0y v\u1edbi gi\u00e1o...<\/p><\/div>\r\n\r\n<!-- Entry Button --><div class=\"entry-button wdt-button-clone\"><a href=\"https:\/\/irispreschool.com.vn\/vi\/\ud835\udc00\ud835\udc0c\ud835\udc00\ud835\udc19\ud835\udc08\ud835\udc0d\ud835\udc06-\ud835\udc12\ud835\udc14\ud835\udc0c\ud835\udc0c\ud835\udc04\ud835\udc11-\ud835\udc08\ud835\udc11\ud835\udc08s\/\" title=\"CH\u01af\u01a0NG TR\u00ccNH H\u1eccC T\u1eacP VUI CH\u01a0I \u0110\u1ed3ng CH\u1ee6 \u0110\u1ec0 &#039;N\u01af\u1edaC&#039; \u2013 HO\u1ea0T \u0110\u1ed8NG C\u1eaeM TR\u1ea0I H\u00c8 TAI IRIS\" class=\"wdt-button\">\u0110\u1ecdc th\u00eam<span><svg xmlns=\"http:\/\/www.w3.org\/2000\/svg\" xmlns:xlink=\"http:\/\/www.w3.org\/1999\/xlink\" x=\"0px\" y=\"0px\" viewbox=\"0 0 100 59\" style=\"enable-background:new 0 0 100 59;\" xml:space=\"preserve\"><polygon points=\"59.9,6.1 79.4,25.7 6,25.7 6,33.3 79.4,33.3 59.9,52.9 65.3,58.2 94,29.5 65.3,0.8 \"><\/polygon><\/svg><\/span><\/a><\/div><!-- Entry Button --><\/article><\/div><div class=\"entry-list-layout wdt-classic-style entry-left-thumb wdt-default-hover wdt-bt-gradient-overlay column wdt-one-column wdt-post-entry\"><article id=\"post-6026\" class=\"post-6026 post type-post status-publish format-standard has-post-thumbnail hentry category-a-handbook-of-parents category-iris-news blog-entry entry-date-added\">\r\n\r\n\r\n\t<!-- Featured Image -->\r\n\t\t<div class=\"entry-thumb\">\r\n\t\t\r\n<div class=\"blog-image\"><a style=\"background-image:url()\" href=\"https:\/\/irispreschool.com.vn\/vi\/am-nhac-lam-cho-tre-em-thong-minh-hon-nhu-the-nao\/\" title=\"Li\u00ean k\u1ebft c\u1ed1 \u0111\u1ecbnh \u0111\u1ebfn \u00c2m nh\u1ea1c gi\u00fap tr\u1ebb th\u00f4ng minh h\u01a1n\"><\/a><\/div>        <\/div><!-- Featured Image -->\r\n<!-- Entry Date -->\r\n<div class=\"entry-date\">\r\n\t<i class=\"wdticon-calendar\"> <\/i>\r\n\t03\/03\/2020<\/div><!-- Entry Date -->\r\n<!-- Entry Title -->\r\n<div class=\"entry-title\">\r\n\t<h4>    \t<a href=\"https:\/\/irispreschool.com.vn\/vi\/am-nhac-lam-cho-tre-em-thong-minh-hon-nhu-the-nao\/\" title=\"Li\u00ean k\u1ebft c\u1ed1 \u0111\u1ecbnh \u0111\u1ebfn \u00c2m nh\u1ea1c gi\u00fap tr\u1ebb th\u00f4ng minh h\u01a1n\">\u00c2m nh\u1ea1c gi\u00fap tr\u1ebb th\u00f4ng minh h\u01a1n nh\u01b0 th\u1ebf n\u00e0o<\/a>\r\n\t<\/h4>\r\n<\/div><!-- Entry Title -->\r\n\t<div class=\"entry-body\"><p>1. \u00c2m nh\u1ea1c gi\u00fap tr\u1ebb th\u00f4ng minh h\u01a1n nh\u01b0 th\u1ebf n\u00e0o Khi tr\u1ebb h\u00e1t, nh\u1ea3y v\u00e0 ch\u01a1i nh\u1ea1c c\u1ee5, nghi\u00ean c\u1ee9u ch\u1ec9 ra r\u1eb1ng tr\u1ebb \u0111ang x\u00e2y d\u1ef1ng nh\u1eefng con \u0111\u01b0\u1eddng trong n\u00e3o b\u1ed9 c\u00f3 l\u1ee3i cho tr\u1ebb trong su\u1ed1t cu\u1ed9c \u0111\u1eddi. T\u00ednh d\u1ebbo c\u1ee7a n\u00e3o l\u00e0 kh\u1ea3 n\u0103ng c\u1ee7a n\u00e3o b\u1ed9 \u0111\u1ec3...<\/p><\/div>\r\n\r\n<!-- Entry Button --><div class=\"entry-button wdt-button-clone\"><a href=\"https:\/\/irispreschool.com.vn\/vi\/am-nhac-lam-cho-tre-em-thong-minh-hon-nhu-the-nao\/\" title=\"\u00c2m nh\u1ea1c gi\u00fap tr\u1ebb th\u00f4ng minh h\u01a1n nh\u01b0 th\u1ebf n\u00e0o\" class=\"wdt-button\">\u0110\u1ecdc th\u00eam<span><svg xmlns=\"http:\/\/www.w3.org\/2000\/svg\" xmlns:xlink=\"http:\/\/www.w3.org\/1999\/xlink\" x=\"0px\" y=\"0px\" viewbox=\"0 0 100 59\" style=\"enable-background:new 0 0 100 59;\" xml:space=\"preserve\"><polygon points=\"59.9,6.1 79.4,25.7 6,25.7 6,33.3 79.4,33.3 59.9,52.9 65.3,58.2 94,29.5 65.3,0.8 \"><\/polygon><\/svg><\/span><\/a><\/div><!-- Entry Button --><\/article><\/div><div class=\"entry-list-layout wdt-classic-style entry-left-thumb wdt-default-hover wdt-bt-gradient-overlay column wdt-one-column wdt-post-entry\"><article id=\"post-5991\" class=\"post-5991 post type-post status-publish format-standard has-post-thumbnail hentry category-iris-news blog-entry entry-date-added\">\r\n\r\n\r\n\t<!-- Featured Image -->\r\n\t\t<div class=\"entry-thumb\">\r\n\t\t\r\n<div class=\"blog-image\"><a style=\"background-image:url()\" href=\"https:\/\/irispreschool.com.vn\/vi\/chu-de-thang-2-cua-me-ngong\/\" title=\"Li\u00ean k\u1ebft c\u1ed1 \u0111\u1ecbnh \u0111\u1ebfn TH\u1edcI GIAN C\u1ee6A M\u1eb8 NG\u1ed6NG \u2013 CH\u1ee6 \u0110\u1ec0 TH\u00c1NG 2\"><\/a><\/div>        <\/div><!-- Featured Image -->\r\n<!-- Entry Date -->\r\n<div class=\"entry-date\">\r\n\t<i class=\"wdticon-calendar\"> <\/i>\r\n\t30\/01\/2020<\/div><!-- Entry Date -->\r\n<!-- Entry Title -->\r\n<div class=\"entry-title\">\r\n\t<h4>    \t<a href=\"https:\/\/irispreschool.com.vn\/vi\/chu-de-thang-2-cua-me-ngong\/\" title=\"Li\u00ean k\u1ebft c\u1ed1 \u0111\u1ecbnh \u0111\u1ebfn TH\u1edcI GIAN C\u1ee6A M\u1eb8 NG\u1ed6NG \u2013 CH\u1ee6 \u0110\u1ec0 TH\u00c1NG 2\">TH\u1edcI GIAN C\u1ee6A M\u1eb8 NG\u1ed6NG \u2013 CH\u1ee6 \u0110\u1ec0 TH\u00c1NG 2<\/a>\r\n\t<\/h4>\r\n<\/div><!-- Entry Title -->\r\n\t<div class=\"entry-body\"><p>Nhi\u1ec1u kh\u00eda c\u1ea1nh v\u1ec1 s\u1ee9c kh\u1ecfe v\u00e0 th\u1ec3 l\u1ef1c \u0111\u01b0\u1ee3c gi\u1ea3i th\u00edch theo c\u00e1ch m\u00e0 tr\u1ebb nh\u1ecf c\u00f3 th\u1ec3 d\u1ec5 d\u00e0ng hi\u1ec3u \u0111\u01b0\u1ee3c. Ch\u1ee7 \u0111\u1ec1 n\u00e0y khuy\u1ebfn kh\u00edch tr\u1ebb em \u0111\u01b0a ra quy\u1ebft \u0111\u1ecbnh t\u00edch c\u1ef1c v\u1ec1 vi\u1ec7c ch\u0103m s\u00f3c b\u1ea3n th\u00e2n. Tr\u1ebb em kh\u00e1m ph\u00e1 ra r\u1eb1ng ngay c\u1ea3 nh\u1eefng ng\u01b0\u1eddi kh\u1ecfe m\u1ea1nh \u0111\u00f4i khi c\u0169ng b\u1ecb b\u1ec7nh,...<\/p><\/div>\r\n\r\n<!-- Entry Button --><div class=\"entry-button wdt-button-clone\"><a href=\"https:\/\/irispreschool.com.vn\/vi\/chu-de-thang-2-cua-me-ngong\/\" title=\"TH\u1edcI GIAN C\u1ee6A M\u1eb8 NG\u1ed6NG \u2013 CH\u1ee6 \u0110\u1ec0 TH\u00c1NG 2\" class=\"wdt-button\">\u0110\u1ecdc th\u00eam<span><svg xmlns=\"http:\/\/www.w3.org\/2000\/svg\" xmlns:xlink=\"http:\/\/www.w3.org\/1999\/xlink\" x=\"0px\" y=\"0px\" viewbox=\"0 0 100 59\" style=\"enable-background:new 0 0 100 59;\" xml:space=\"preserve\"><polygon points=\"59.9,6.1 79.4,25.7 6,25.7 6,33.3 79.4,33.3 59.9,52.9 65.3,58.2 94,29.5 65.3,0.8 \"><\/polygon><\/svg><\/span><\/a><\/div><!-- Entry Button --><\/article><\/div><div class=\"entry-list-layout wdt-classic-style entry-left-thumb wdt-default-hover wdt-bt-gradient-overlay column wdt-one-column wdt-post-entry\"><article id=\"post-5979\" class=\"post-5979 post type-post status-publish format-standard has-post-thumbnail hentry category-iris-news blog-entry entry-date-added\">\r\n\r\n\r\n\t<!-- Featured Image -->\r\n\t\t<div class=\"entry-thumb\">\r\n\t\t\r\n<div class=\"blog-image\"><a style=\"background-image:url()\" href=\"https:\/\/irispreschool.com.vn\/vi\/\ud83d\udca5nghi-le-nhan-dip-tet-nguyen-dan-2020-2\/\" title=\"Li\u00ean k\u1ebft c\u1ed1 \u0111\u1ecbnh \u0111\u1ebfn \ud83d\udca5K\u1ef3 ngh\u1ec9 nh\u00e2n d\u1ecbp T\u1ebft Nguy\u00ean \u0111\u00e1n 2020.\"><\/a><\/div>        <\/div><!-- Featured Image -->\r\n<!-- Entry Date -->\r\n<div class=\"entry-date\">\r\n\t<i class=\"wdticon-calendar\"> <\/i>\r\n\t20\/01\/2020<\/div><!-- Entry Date -->\r\n<!-- Entry Title -->\r\n<div class=\"entry-title\">\r\n\t<h4>    \t<a href=\"https:\/\/irispreschool.com.vn\/vi\/\ud83d\udca5nghi-le-nhan-dip-tet-nguyen-dan-2020-2\/\" title=\"Li\u00ean k\u1ebft c\u1ed1 \u0111\u1ecbnh \u0111\u1ebfn \ud83d\udca5K\u1ef3 ngh\u1ec9 nh\u00e2n d\u1ecbp T\u1ebft Nguy\u00ean \u0111\u00e1n 2020.\">\ud83d\udca5Ngh\u1ec9 l\u1ec5 nh\u00e2n d\u1ecbp T\u1ebft Nguy\u00ean \u0110\u00e1n 2020.<\/a>\r\n\t<\/h4>\r\n<\/div><!-- Entry Title -->\r\n\t<div class=\"entry-body\"><p>\ud83c\udf3bK\u00ednh g\u1eedi Qu\u00fd ph\u1ee5 huynh, \ud83d\udd16 Tr\u01b0\u1eddng M\u1ea7m non Iris xin th\u00f4ng b\u00e1o l\u1ecbch ngh\u1ec9 T\u1ebft Nguy\u00ean \u0111\u00e1n n\u0103m 2020. Theo th\u00f4ng b\u00e1o t\u1eeb ch\u00ednh quy\u1ec1n Th\u00e0nh ph\u1ed1 H\u1ed3 Ch\u00ed Minh, to\u00e0n th\u1ec3 h\u1ecdc sinh s\u1ebd \u0111\u01b0\u1ee3c ngh\u1ec9 t\u1eeb th\u00e1ng 1...<\/p><\/div>\r\n\r\n<!-- Entry Button --><div class=\"entry-button wdt-button-clone\"><a href=\"https:\/\/irispreschool.com.vn\/vi\/\ud83d\udca5nghi-le-nhan-dip-tet-nguyen-dan-2020-2\/\" title=\"\ud83d\udca5Ngh\u1ec9 l\u1ec5 nh\u00e2n d\u1ecbp T\u1ebft Nguy\u00ean \u0110\u00e1n 2020.\" class=\"wdt-button\">\u0110\u1ecdc th\u00eam<span><svg xmlns=\"http:\/\/www.w3.org\/2000\/svg\" xmlns:xlink=\"http:\/\/www.w3.org\/1999\/xlink\" x=\"0px\" y=\"0px\" viewbox=\"0 0 100 59\" style=\"enable-background:new 0 0 100 59;\" xml:space=\"preserve\"><polygon points=\"59.9,6.1 79.4,25.7 6,25.7 6,33.3 79.4,33.3 59.9,52.9 65.3,58.2 94,29.5 65.3,0.8 \"><\/polygon><\/svg><\/span><\/a><\/div><!-- Entry Button --><\/article><\/div><div class=\"entry-list-layout wdt-classic-style entry-left-thumb wdt-default-hover wdt-bt-gradient-overlay column wdt-one-column wdt-post-entry\"><article id=\"post-5975\" class=\"post-5975 post type-post status-publish format-standard has-post-thumbnail hentry category-iris-news blog-entry entry-date-added\">\r\n\r\n\r\n\t<!-- Featured Image -->\r\n\t\t<div class=\"entry-thumb\">\r\n\t\t\r\n<div class=\"blog-image\"><a style=\"background-image:url()\" href=\"https:\/\/irispreschool.com.vn\/vi\/ngay-le-nhan-dip-tet-nguyen-dan-2020\/\" title=\"Li\u00ean k\u1ebft c\u1ed1 \u0111\u1ecbnh \u0111\u1ebfn Ng\u00e0y l\u1ec5 nh\u00e2n d\u1ecbp T\u1ebft Nguy\u00ean \u0111\u00e1n 2020\"><\/a><\/div>        <\/div><!-- Featured Image -->\r\n<!-- Entry Date -->\r\n<div class=\"entry-date\">\r\n\t<i class=\"wdticon-calendar\"> <\/i>\r\n\t20\/01\/2020<\/div><!-- Entry Date -->\r\n<!-- Entry Title -->\r\n<div class=\"entry-title\">\r\n\t<h4>    \t<a href=\"https:\/\/irispreschool.com.vn\/vi\/ngay-le-nhan-dip-tet-nguyen-dan-2020\/\" title=\"Li\u00ean k\u1ebft c\u1ed1 \u0111\u1ecbnh \u0111\u1ebfn Ng\u00e0y l\u1ec5 nh\u00e2n d\u1ecbp T\u1ebft Nguy\u00ean \u0111\u00e1n 2020\">Ngh\u1ec9 l\u1ec5 nh\u00e2n d\u1ecbp T\u1ebft Nguy\u00ean \u0111\u00e1n 2020<\/a>\r\n\t<\/h4>\r\n<\/div><!-- Entry Title -->\r\n\t<div class=\"entry-body\"><p>\ud83c\udf3bK\u00ednh g\u1eedi Qu\u00fd ph\u1ee5 huynh, \ud83d\udd16 Tr\u01b0\u1eddng M\u1ea7m non Iris xin th\u00f4ng b\u00e1o l\u1ecbch ngh\u1ec9 T\u1ebft Nguy\u00ean \u0111\u00e1n n\u0103m 2020. Theo th\u00f4ng b\u00e1o t\u1eeb ch\u00ednh quy\u1ec1n Th\u00e0nh ph\u1ed1 H\u1ed3 Ch\u00ed Minh, to\u00e0n th\u1ec3 h\u1ecdc sinh s\u1ebd \u0111\u01b0\u1ee3c ngh\u1ec9 t\u1eeb th\u00e1ng 1...<\/p><\/div>\r\n\r\n<!-- Entry Button --><div class=\"entry-button wdt-button-clone\"><a href=\"https:\/\/irispreschool.com.vn\/vi\/ngay-le-nhan-dip-tet-nguyen-dan-2020\/\" title=\"Ngh\u1ec9 l\u1ec5 nh\u00e2n d\u1ecbp T\u1ebft Nguy\u00ean \u0111\u00e1n 2020\" class=\"wdt-button\">\u0110\u1ecdc th\u00eam<span><svg xmlns=\"http:\/\/www.w3.org\/2000\/svg\" xmlns:xlink=\"http:\/\/www.w3.org\/1999\/xlink\" x=\"0px\" y=\"0px\" viewbox=\"0 0 100 59\" style=\"enable-background:new 0 0 100 59;\" xml:space=\"preserve\"><polygon points=\"59.9,6.1 79.4,25.7 6,25.7 6,33.3 79.4,33.3 59.9,52.9 65.3,58.2 94,29.5 65.3,0.8 \"><\/polygon><\/svg><\/span><\/a><\/div><!-- Entry Button --><\/article><\/div><div class=\"entry-list-layout wdt-classic-style entry-left-thumb wdt-default-hover wdt-bt-gradient-overlay column wdt-one-column wdt-post-entry\"><article id=\"post-5564\" class=\"post-5564 post type-post status-publish format-standard has-post-thumbnail hentry category-a-handbook-of-parents category-iris-news blog-entry entry-date-added\">\r\n\r\n\r\n\t<!-- Featured Image -->\r\n\t\t<div class=\"entry-thumb\">\r\n\t\t\r\n<div class=\"blog-image\"><a style=\"background-image:url()\" href=\"https:\/\/irispreschool.com.vn\/vi\/me-ngong-thoi-gian-dac-trung-thang-11-nay\/\" title=\"Li\u00ean k\u1ebft c\u1ed1 \u0111\u1ecbnh \u0111\u1ebfn Mother Goose Time \u2013 N\u1ed5i b\u1eadt trong th\u00e1ng 11 n\u00e0y\"><\/a><\/div>        <\/div><!-- Featured Image -->\r\n<!-- Entry Date -->\r\n<div class=\"entry-date\">\r\n\t<i class=\"wdticon-calendar\"> <\/i>\r\n\t26\/10\/2019<\/div><!-- Entry Date -->\r\n<!-- Entry Title -->\r\n<div class=\"entry-title\">\r\n\t<h4>    \t<a href=\"https:\/\/irispreschool.com.vn\/vi\/me-ngong-thoi-gian-dac-trung-thang-11-nay\/\" title=\"Li\u00ean k\u1ebft c\u1ed1 \u0111\u1ecbnh \u0111\u1ebfn Mother Goose Time \u2013 N\u1ed5i b\u1eadt trong th\u00e1ng 11 n\u00e0y\">Mother Goose Time \u2013 N\u1ed5i b\u1eadt trong th\u00e1ng 11 n\u00e0y<\/a>\r\n\t<\/h4>\r\n<\/div><!-- Entry Title -->\r\n\t<div class=\"entry-body\"><p>NH\u1eeeNG NG\u01af\u1edcI GI\u00daP \u0110\u1ee0 C\u1ed8NG \u0110\u1ed2NG \ud83d\udc6e\u200d\u2642\ufe0fC\u00e1c con s\u1ebd \u0111\u1ea3m nh\u1eadn nh\u1eefng vai tr\u00f2 m\u1edbi khi \u0111eo b\u0103ng \u0111\u00f4 c\u1ea3nh s\u00e1t tr\u01b0\u1edfng, ch\u1eefa ch\u00e1y v\u00e0 l\u00e1i xe bu\u00fdt. C\u00e1c con s\u1ebd kh\u00e1m ph\u00e1 xem ai l\u00e0 ng\u01b0\u1eddi gi\u1eef an to\u00e0n cho ch\u00fang ta, ai l\u00e0 ng\u01b0\u1eddi gi\u00fap ch\u00fang ta h\u1ecdc t\u1eadp v\u00e0 ph\u00e1t tri\u1ec3n. Ch\u00fang t\u00f4i v\u00f4 c\u00f9ng bi\u1ebft \u01a1n v\u00ec...<\/p><\/div>\r\n\r\n<!-- Entry Button --><div class=\"entry-button wdt-button-clone\"><a href=\"https:\/\/irispreschool.com.vn\/vi\/me-ngong-thoi-gian-dac-trung-thang-11-nay\/\" title=\"Mother Goose Time \u2013 N\u1ed5i b\u1eadt trong th\u00e1ng 11 n\u00e0y\" class=\"wdt-button\">\u0110\u1ecdc th\u00eam<span><svg xmlns=\"http:\/\/www.w3.org\/2000\/svg\" xmlns:xlink=\"http:\/\/www.w3.org\/1999\/xlink\" x=\"0px\" y=\"0px\" viewbox=\"0 0 100 59\" style=\"enable-background:new 0 0 100 59;\" xml:space=\"preserve\"><polygon points=\"59.9,6.1 79.4,25.7 6,25.7 6,33.3 79.4,33.3 59.9,52.9 65.3,58.2 94,29.5 65.3,0.8 \"><\/polygon><\/svg><\/span><\/a><\/div><!-- Entry Button --><\/article><\/div><\/div><div class=\"pagination blog-pagination\"><div class=\"column one pager_wrapper\"><ul class='page-numbers'>\n\t<li><span aria-current=\"page\" class=\"page-numbers current\">1<\/span><\/li>\n\t<li><a class=\"page-numbers\" href=\"https:\/\/irispreschool.com.vn\/vi\/wp-json\/wp\/v2\/pages\/23802\/page\/2\/\">2<\/a><\/li>\n\t<li><a class=\"page-numbers\" href=\"https:\/\/irispreschool.com.vn\/vi\/wp-json\/wp\/v2\/pages\/23802\/page\/3\/\">3<\/a><\/li>\n\t<li><span class=\"page-numbers dots\">\u2026<\/span><\/li>\n\t<li><a class=\"page-numbers\" href=\"https:\/\/irispreschool.com.vn\/vi\/wp-json\/wp\/v2\/pages\/23802\/page\/8\/\">8<\/a><\/li>\n\t<li><a class=\"next page-numbers\" href=\"https:\/\/irispreschool.com.vn\/vi\/wp-json\/wp\/v2\/pages\/23802\/page\/2\/\"><i class=\"wdticon-angle-double-right\"><\/i><\/a><\/li>\n<\/ul>\n<\/div>\n<\/div><\/div>\t\t<\/div>\n\t\t\t\t<\/div>\n\t\t\t\t\t<\/div>\n\t\t<\/div>\n\t\t\t\t\t<\/div>\n\t\t<\/section>\n\t\t\t\t<\/div>","protected":false},"excerpt":{"rendered":"<p>22\/05\/2025 Ngh\u1ec9 l\u1ec5 T\u1ebft Nguy\u00ean \u0110\u00e1n 2020 \ud83c\udf3bK\u00ednh g\u1eedi Qu\u00fd ph\u1ee5 huynh, \ud83d\udd16 Tr\u01b0\u1eddng M\u1ea7m non Iris xin th\u00f4ng b\u00e1o l\u1ecbch ngh\u1ec9 T\u1ebft Nguy\u00ean \u0110\u00e1n 2020. Theo th\u00f4ng b\u00e1o t\u1eeb UBND Th\u00e0nh ph\u1ed1 H\u1ed3 Ch\u00ed Minh, to\u00e0n th\u1ec3 h\u1ecdc sinh s\u1ebd \u0111\u01b0\u1ee3c ngh\u1ec9 t\u1eeb ng\u00e0y 01\/01\/2020 \u0111\u1ebfn h\u1ebft ng\u00e0y 01\/02\/2020. \u0110\u1ecdc th\u00eam 22\/05\/2025 \ud83d\udca5Ngh\u1ec9 l\u1ec5 [\u2026]<\/p>","protected":false},"author":1,"featured_media":0,"parent":0,"menu_order":0,"comment_status":"closed","ping_status":"closed","template":"","meta":{"footnotes":""},"class_list":["post-23802","page","type-page","status-publish","hentry","blog-entry","format-standard","entry-date-added"],"yoast_head":"<!-- This site is optimized with the Yoast SEO Premium plugin v20.9 (Yoast SEO v20.9) - https:\/\/yoast.com\/wordpress\/plugins\/seo\/ -->\n<title>Iris News - Iris PreSchool<\/title>\n<meta name=\"robots\" content=\"index, follow, max-snippet:-1, max-image-preview:large, max-video-preview:-1\" \/>\n<link rel=\"canonical\" href=\"https:\/\/irispreschool.com.vn\/vi\/tin-tuc-iris\/\" \/>\n<meta property=\"og:locale\" content=\"vi_VN\" \/>\n<meta property=\"og:type\" content=\"article\" \/>\n<meta property=\"og:title\" content=\"Iris News\" \/>\n<meta property=\"og:description\" content=\"22\/05\/2025 Holiday on the occasion of Lunar New Year 2020 &#x1f33b;Dear Parents, &#x1f516;\u00a0Iris Preschool would like to announce days off for the occasion of Lunar New Year in 2020. According to the announcement from the administration of Ho Chi Minh City, all students will have days off from January&#8230; Read More 22\/05\/2025 &#x1f4a5;Holiday on the [&hellip;]\" \/>\n<meta property=\"og:url\" content=\"https:\/\/irispreschool.com.vn\/vi\/tin-tuc-iris\/\" \/>\n<meta property=\"og:site_name\" content=\"Iris PreSchool\" \/>\n<meta property=\"article:modified_time\" content=\"2025-05-23T02:30:38+00:00\" \/>\n<meta name=\"twitter:card\" content=\"summary_large_image\" \/>\n<meta name=\"twitter:label1\" content=\"\u01af\u1edbc t\u00ednh th\u1eddi gian \u0111\u1ecdc\" \/>\n\t<meta name=\"twitter:data1\" content=\"1 ph\u00fat\" \/>\n<script type=\"application\/ld+json\" class=\"yoast-schema-graph\">{\"@context\":\"https:\/\/schema.org\",\"@graph\":[{\"@type\":\"WebPage\",\"@id\":\"https:\/\/irispreschool.com.vn\/iris-news\/\",\"url\":\"https:\/\/irispreschool.com.vn\/iris-news\/\",\"name\":\"Iris News - Iris PreSchool\",\"isPartOf\":{\"@id\":\"https:\/\/irispreschool.com.vn\/#website\"},\"datePublished\":\"2025-05-23T02:28:36+00:00\",\"dateModified\":\"2025-05-23T02:30:38+00:00\",\"breadcrumb\":{\"@id\":\"https:\/\/irispreschool.com.vn\/iris-news\/#breadcrumb\"},\"inLanguage\":\"vi\",\"potentialAction\":[{\"@type\":\"ReadAction\",\"target\":[\"https:\/\/irispreschool.com.vn\/iris-news\/\"]}]},{\"@type\":\"BreadcrumbList\",\"@id\":\"https:\/\/irispreschool.com.vn\/iris-news\/#breadcrumb\",\"itemListElement\":[{\"@type\":\"ListItem\",\"position\":1,\"name\":\"Home\",\"item\":\"https:\/\/irispreschool.com.vn\/\"},{\"@type\":\"ListItem\",\"position\":2,\"name\":\"Iris News\"}]},{\"@type\":\"WebSite\",\"@id\":\"https:\/\/irispreschool.com.vn\/#website\",\"url\":\"https:\/\/irispreschool.com.vn\/\",\"name\":\"Iris PreSchool\",\"description\":\"Together We\u2019ll Explore New Things\",\"publisher\":{\"@id\":\"https:\/\/irispreschool.com.vn\/#organization\"},\"potentialAction\":[{\"@type\":\"SearchAction\",\"target\":{\"@type\":\"EntryPoint\",\"urlTemplate\":\"https:\/\/irispreschool.com.vn\/?s={search_term_string}\"},\"query-input\":\"required name=search_term_string\"}],\"inLanguage\":\"vi\"},{\"@type\":\"Organization\",\"@id\":\"https:\/\/irispreschool.com.vn\/#organization\",\"name\":\"Iris PreSchool\",\"url\":\"https:\/\/irispreschool.com.vn\/\",\"logo\":{\"@type\":\"ImageObject\",\"inLanguage\":\"vi\",\"@id\":\"https:\/\/irispreschool.com.vn\/#\/schema\/logo\/image\/\",\"url\":\"https:\/\/irispreschool.com.vn\/wp-content\/uploads\/2025\/05\/IRIS-Logo.png\",\"contentUrl\":\"https:\/\/irispreschool.com.vn\/wp-content\/uploads\/2025\/05\/IRIS-Logo.png\",\"width\":512,\"height\":512,\"caption\":\"Iris PreSchool\"},\"image\":{\"@id\":\"https:\/\/irispreschool.com.vn\/#\/schema\/logo\/image\/\"}}]}<\/script>\n<!-- \/ Yoast SEO Premium plugin. -->","yoast_head_json":{"title":"Iris News - Iris PreSchool","robots":{"index":"index","follow":"follow","max-snippet":"max-snippet:-1","max-image-preview":"max-image-preview:large","max-video-preview":"max-video-preview:-1"},"canonical":"https:\/\/irispreschool.com.vn\/vi\/tin-tuc-iris\/","og_locale":"vi_VN","og_type":"article","og_title":"Iris News","og_description":"22\/05\/2025 Holiday on the occasion of Lunar New Year 2020 &#x1f33b;Dear Parents, &#x1f516;\u00a0Iris Preschool would like to announce days off for the occasion of Lunar New Year in 2020. According to the announcement from the administration of Ho Chi Minh City, all students will have days off from January&#8230; Read More 22\/05\/2025 &#x1f4a5;Holiday on the [&hellip;]","og_url":"https:\/\/irispreschool.com.vn\/vi\/tin-tuc-iris\/","og_site_name":"Iris PreSchool","article_modified_time":"2025-05-23T02:30:38+00:00","twitter_card":"summary_large_image","twitter_misc":{"\u01af\u1edbc t\u00ednh th\u1eddi gian \u0111\u1ecdc":"1 ph\u00fat"},"schema":{"@context":"https:\/\/schema.org","@graph":[{"@type":"WebPage","@id":"https:\/\/irispreschool.com.vn\/iris-news\/","url":"https:\/\/irispreschool.com.vn\/iris-news\/","name":"Iris News - Iris PreSchool","isPartOf":{"@id":"https:\/\/irispreschool.com.vn\/#website"},"datePublished":"2025-05-23T02:28:36+00:00","dateModified":"2025-05-23T02:30:38+00:00","breadcrumb":{"@id":"https:\/\/irispreschool.com.vn\/iris-news\/#breadcrumb"},"inLanguage":"vi","potentialAction":[{"@type":"ReadAction","target":["https:\/\/irispreschool.com.vn\/iris-news\/"]}]},{"@type":"BreadcrumbList","@id":"https:\/\/irispreschool.com.vn\/iris-news\/#breadcrumb","itemListElement":[{"@type":"ListItem","position":1,"name":"Home","item":"https:\/\/irispreschool.com.vn\/"},{"@type":"ListItem","position":2,"name":"Iris News"}]},{"@type":"WebSite","@id":"https:\/\/irispreschool.com.vn\/#website","url":"https:\/\/irispreschool.com.vn\/","name":"Iris PreSchool","description":"Together We\u2019ll Explore New Things","publisher":{"@id":"https:\/\/irispreschool.com.vn\/#organization"},"potentialAction":[{"@type":"SearchAction","target":{"@type":"EntryPoint","urlTemplate":"https:\/\/irispreschool.com.vn\/?s={search_term_string}"},"query-input":"required name=search_term_string"}],"inLanguage":"vi"},{"@type":"Organization","@id":"https:\/\/irispreschool.com.vn\/#organization","name":"Iris PreSchool","url":"https:\/\/irispreschool.com.vn\/","logo":{"@type":"ImageObject","inLanguage":"vi","@id":"https:\/\/irispreschool.com.vn\/#\/schema\/logo\/image\/","url":"https:\/\/irispreschool.com.vn\/wp-content\/uploads\/2025\/05\/IRIS-Logo.png","contentUrl":"https:\/\/irispreschool.com.vn\/wp-content\/uploads\/2025\/05\/IRIS-Logo.png","width":512,"height":512,"caption":"Iris PreSchool"},"image":{"@id":"https:\/\/irispreschool.com.vn\/#\/schema\/logo\/image\/"}}]}},"_links":{"self":[{"href":"https:\/\/irispreschool.com.vn\/vi\/wp-json\/wp\/v2\/pages\/23802","targetHints":{"allow":["GET"]}}],"collection":[{"href":"https:\/\/irispreschool.com.vn\/vi\/wp-json\/wp\/v2\/pages"}],"about":[{"href":"https:\/\/irispreschool.com.vn\/vi\/wp-json\/wp\/v2\/types\/page"}],"author":[{"embeddable":true,"href":"https:\/\/irispreschool.com.vn\/vi\/wp-json\/wp\/v2\/users\/1"}],"replies":[{"embeddable":true,"href":"https:\/\/irispreschool.com.vn\/vi\/wp-json\/wp\/v2\/comments?post=23802"}],"version-history":[{"count":0,"href":"https:\/\/irispreschool.com.vn\/vi\/wp-json\/wp\/v2\/pages\/23802\/revisions"}],"wp:attachment":[{"href":"https:\/\/irispreschool.com.vn\/vi\/wp-json\/wp\/v2\/media?parent=23802"}],"curies":[{"name":"wp","href":"https:\/\/api.w.org\/{rel}","templated":true}]}}