{"id":23029,"date":"2025-05-22T15:41:20","date_gmt":"2025-05-22T08:41:20","guid":{"rendered":"https:\/\/irispreschool.123websitedev.com\/?page_id=23029"},"modified":"2025-05-22T17:12:20","modified_gmt":"2025-05-22T10:12:20","slug":"a-handbook-of-parents","status":"publish","type":"page","link":"https:\/\/irispreschool.com.vn\/vi\/mot-cuon-so-tay-danh-cho-cha-me\/","title":{"rendered":"S\u1ed5 tay d\u00e0nh cho ph\u1ee5 huynh"},"content":{"rendered":"<div data-elementor-type=\"wp-page\" data-elementor-id=\"23029\" class=\"elementor elementor-23029\">\n\t\t\t\t\t\t<section class=\"elementor-section elementor-top-section elementor-element elementor-element-bbc7568 elementor-section-boxed elementor-section-height-default elementor-section-height-default\" data-id=\"bbc7568\" data-element_type=\"section\" data-settings=\"{&quot;wdt_bg_image&quot;:{&quot;url&quot;:&quot;&quot;,&quot;id&quot;:&quot;&quot;,&quot;size&quot;:&quot;&quot;},&quot;wdt_bg_image_laptop&quot;:{&quot;url&quot;:&quot;&quot;,&quot;id&quot;:&quot;&quot;,&quot;size&quot;:&quot;&quot;},&quot;wdt_bg_image_tablet_extra&quot;:{&quot;url&quot;:&quot;&quot;,&quot;id&quot;:&quot;&quot;,&quot;size&quot;:&quot;&quot;},&quot;wdt_bg_image_tablet&quot;:{&quot;url&quot;:&quot;&quot;,&quot;id&quot;:&quot;&quot;,&quot;size&quot;:&quot;&quot;},&quot;wdt_bg_image_mobile_extra&quot;:{&quot;url&quot;:&quot;&quot;,&quot;id&quot;:&quot;&quot;,&quot;size&quot;:&quot;&quot;},&quot;wdt_bg_image_mobile&quot;:{&quot;url&quot;:&quot;&quot;,&quot;id&quot;:&quot;&quot;,&quot;size&quot;:&quot;&quot;},&quot;wdt_bg_position&quot;:&quot;center center&quot;,&quot;wdt_animation_effect&quot;:&quot;none&quot;}\">\n\t\t\t\t\t\t<div class=\"elementor-container elementor-column-gap-no\">\n\t\t\t\t\t<div class=\"elementor-column elementor-col-100 elementor-top-column elementor-element elementor-element-17dae26\" data-id=\"17dae26\" data-element_type=\"column\">\n\t\t\t<div class=\"elementor-widget-wrap elementor-element-populated\">\n\t\t\t\t\t\t<div class=\"elementor-element elementor-element-9b9cfc3 elementor-widget elementor-widget-wdt-blog-posts\" data-id=\"9b9cfc3\" data-element_type=\"widget\" data-settings=\"{&quot;wdt_animation_effect&quot;:&quot;none&quot;}\" data-widget_type=\"wdt-blog-posts.default\">\n\t\t\t\t<div class=\"elementor-widget-container\">\n\t\t\t<div class=\"wdt-posts-list-wrapper\" ><div class='tpl-blog-holder  apply-isotope'><div class='grid-sizer  entry-list-layout wdt-classic-style entry-left-thumb wdt-default-hover wdt-bt-gradient-overlay column wdt-one-column wdt-post-entry'><\/div><div class=\"entry-list-layout wdt-classic-style entry-left-thumb wdt-default-hover wdt-bt-gradient-overlay column wdt-one-column wdt-post-entry\"><article id=\"post-23445\" class=\"post-23445 post type-post status-publish format-standard hentry category-a-handbook-of-parents blog-entry entry-date-added\">\r\n\r\n\r\n\t<!-- Featured Image -->\r\n\t\t<div class=\"entry-fieldset-meta\">\r\n\t\t\r\n        <\/div><!-- Featured Image -->\r\n<!-- Entry Date -->\r\n<div class=\"entry-date\">\r\n\t<i class=\"wdticon-calendar\"> <\/i>\r\n\t22\/05\/2025<\/div><!-- Entry Date -->\r\n<!-- Entry Title -->\r\n<div class=\"entry-title\">\r\n\t<h4>    \t<a href=\"https:\/\/irispreschool.com.vn\/vi\/am-nhac-lam-tre-em-thong-minh-hon-2\/\" title=\"Li\u00ean k\u1ebft c\u1ed1 \u0111\u1ecbnh \u0111\u1ebfn \u00c2m nh\u1ea1c gi\u00fap tr\u1ebb th\u00f4ng minh h\u01a1n\">\u00c2m nh\u1ea1c gi\u00fap tr\u1ebb th\u00f4ng minh h\u01a1n nh\u01b0 th\u1ebf n\u00e0o<\/a>\r\n\t<\/h4>\r\n<\/div><!-- Entry Title -->\r\n\t<div class=\"entry-body\"><p>1. \u00c2m nh\u1ea1c gi\u00fap tr\u1ebb th\u00f4ng minh h\u01a1n nh\u01b0 th\u1ebf n\u00e0o Khi tr\u1ebb h\u00e1t, nh\u1ea3y v\u00e0 ch\u01a1i nh\u1ea1c c\u1ee5, nghi\u00ean c\u1ee9u ch\u1ec9 ra r\u1eb1ng tr\u1ebb \u0111ang x\u00e2y d\u1ef1ng nh\u1eefng con \u0111\u01b0\u1eddng trong n\u00e3o b\u1ed9 c\u00f3 l\u1ee3i cho tr\u1ebb trong su\u1ed1t cu\u1ed9c \u0111\u1eddi. T\u00ednh d\u1ebbo c\u1ee7a n\u00e3o l\u00e0 kh\u1ea3 n\u0103ng c\u1ee7a n\u00e3o b\u1ed9 \u0111\u1ec3...<\/p><\/div>\r\n\r\n<!-- Entry Button --><div class=\"entry-button wdt-button-clone\"><a href=\"https:\/\/irispreschool.com.vn\/vi\/am-nhac-lam-tre-em-thong-minh-hon-2\/\" title=\"\u00c2m nh\u1ea1c gi\u00fap tr\u1ebb th\u00f4ng minh h\u01a1n nh\u01b0 th\u1ebf n\u00e0o\" class=\"wdt-button\">\u0110\u1ecdc th\u00eam<span><svg xmlns=\"http:\/\/www.w3.org\/2000\/svg\" xmlns:xlink=\"http:\/\/www.w3.org\/1999\/xlink\" x=\"0px\" y=\"0px\" viewbox=\"0 0 100 59\" style=\"enable-background:new 0 0 100 59;\" xml:space=\"preserve\"><polygon points=\"59.9,6.1 79.4,25.7 6,25.7 6,33.3 79.4,33.3 59.9,52.9 65.3,58.2 94,29.5 65.3,0.8 \"><\/polygon><\/svg><\/span><\/a><\/div><!-- Entry Button --><\/article><\/div><div class=\"entry-list-layout wdt-classic-style entry-left-thumb wdt-default-hover wdt-bt-gradient-overlay column wdt-one-column wdt-post-entry\"><article id=\"post-22722\" class=\"post-22722 post type-post status-publish format-standard has-post-thumbnail hentry category-a-handbook-of-parents tag-nursery tag-primary blog-entry entry-date-added\">\r\n\r\n\r\n\t<!-- Featured Image -->\r\n\t\t<div class=\"entry-thumb\">\r\n\t\t\r\n<div class=\"blog-image\"><a style=\"background-image:url(https:\/\/irispreschool.com.vn\/wp-content\/uploads\/2022\/12\/blog14.jpg)\" href=\"https:\/\/irispreschool.com.vn\/vi\/hua-hen-su-xuat-sac-trong-hoc-tap\/\" title=\"Permalink to Promised Academic Excellence\"><\/a><\/div>        <\/div><!-- Featured Image -->\r\n<!-- Entry Date -->\r\n<div class=\"entry-date\">\r\n\t<i class=\"wdticon-calendar\"> <\/i>\r\n\t29\/12\/2022<\/div><!-- Entry Date -->\r\n<!-- Entry Title -->\r\n<div class=\"entry-title\">\r\n\t<h4>    \t<a href=\"https:\/\/irispreschool.com.vn\/vi\/hua-hen-su-xuat-sac-trong-hoc-tap\/\" title=\"Permalink to Promised Academic Excellence\">H\u1ee9a h\u1eb9n s\u1ef1 xu\u1ea5t s\u1eafc trong h\u1ecdc t\u1eadp<\/a>\r\n\t<\/h4>\r\n<\/div><!-- Entry Title -->\r\n\t<div class=\"entry-body\"><p>An Overview Habitasse platea dictumst quisque sagittis purus sit amet volutpat. Tortor vitae purus faucibus ornare suspendisse. Nunc eget lorem dolor sed viverra ipsum nunc. Donec enim diam vulputate ut pharetra sit amet aliquam id. Feugiat sed lectus vestibulum...<\/p><\/div>\r\n\r\n<!-- Entry Button --><div class=\"entry-button wdt-button-clone\"><a href=\"https:\/\/irispreschool.com.vn\/vi\/hua-hen-su-xuat-sac-trong-hoc-tap\/\" title=\"H\u1ee9a h\u1eb9n s\u1ef1 xu\u1ea5t s\u1eafc trong h\u1ecdc t\u1eadp\" class=\"wdt-button\">\u0110\u1ecdc th\u00eam<span><svg xmlns=\"http:\/\/www.w3.org\/2000\/svg\" xmlns:xlink=\"http:\/\/www.w3.org\/1999\/xlink\" x=\"0px\" y=\"0px\" viewbox=\"0 0 100 59\" style=\"enable-background:new 0 0 100 59;\" xml:space=\"preserve\"><polygon points=\"59.9,6.1 79.4,25.7 6,25.7 6,33.3 79.4,33.3 59.9,52.9 65.3,58.2 94,29.5 65.3,0.8 \"><\/polygon><\/svg><\/span><\/a><\/div><!-- Entry Button --><\/article><\/div><div class=\"entry-list-layout wdt-classic-style entry-left-thumb wdt-default-hover wdt-bt-gradient-overlay column wdt-one-column wdt-post-entry\"><article id=\"post-22725\" class=\"post-22725 post type-post status-publish format-standard has-post-thumbnail hentry category-a-handbook-of-parents tag-nursery tag-primary blog-entry entry-date-added\">\r\n\r\n\r\n\t<!-- Featured Image -->\r\n\t\t<div class=\"entry-thumb\">\r\n\t\t\r\n<div class=\"blog-image\"><a style=\"background-image:url(https:\/\/irispreschool.com.vn\/wp-content\/uploads\/2022\/12\/blog11.jpg)\" href=\"https:\/\/irispreschool.com.vn\/vi\/chuong-trinh-giao-duc-mam-non-thong-minh-sang-tao\/\" title=\"Li\u00ean k\u1ebft c\u1ed1 \u0111\u1ecbnh \u0111\u1ebfn Ch\u01b0\u01a1ng tr\u00ecnh gi\u00e1o d\u1ee5c m\u1ea7m non th\u00f4ng minh v\u00e0 s\u00e1ng t\u1ea1o\"><\/a><\/div>        <\/div><!-- Featured Image -->\r\n<!-- Entry Date -->\r\n<div class=\"entry-date\">\r\n\t<i class=\"wdticon-calendar\"> <\/i>\r\n\t29\/12\/2022<\/div><!-- Entry Date -->\r\n<!-- Entry Title -->\r\n<div class=\"entry-title\">\r\n\t<h4>    \t<a href=\"https:\/\/irispreschool.com.vn\/vi\/chuong-trinh-giao-duc-mam-non-thong-minh-sang-tao\/\" title=\"Li\u00ean k\u1ebft c\u1ed1 \u0111\u1ecbnh \u0111\u1ebfn Ch\u01b0\u01a1ng tr\u00ecnh gi\u00e1o d\u1ee5c m\u1ea7m non th\u00f4ng minh v\u00e0 s\u00e1ng t\u1ea1o\">Ch\u01b0\u01a1ng tr\u00ecnh gi\u00e1o d\u1ee5c m\u1ea7m non th\u00f4ng minh v\u00e0 s\u00e1ng t\u1ea1o\u00a0<\/a>\r\n\t<\/h4>\r\n<\/div><!-- Entry Title -->\r\n\t<div class=\"entry-body\"><p>An Overview Amet est placerat in egestas erat imperdiet sed euismod nisi. Cras fermentum odio eu feugiat pretium nibh ipsum consequat. Massa vitae tortor condimentum lacinia quis vel eros. Enim sed faucibus turpis in eu mi bibendum neque. Sit...<\/p><\/div>\r\n\r\n<!-- Entry Button --><div class=\"entry-button wdt-button-clone\"><a href=\"https:\/\/irispreschool.com.vn\/vi\/chuong-trinh-giao-duc-mam-non-thong-minh-sang-tao\/\" title=\"Ch\u01b0\u01a1ng tr\u00ecnh gi\u00e1o d\u1ee5c m\u1ea7m non th\u00f4ng minh v\u00e0 s\u00e1ng t\u1ea1o\" class=\"wdt-button\">\u0110\u1ecdc th\u00eam<span><svg xmlns=\"http:\/\/www.w3.org\/2000\/svg\" xmlns:xlink=\"http:\/\/www.w3.org\/1999\/xlink\" x=\"0px\" y=\"0px\" viewbox=\"0 0 100 59\" style=\"enable-background:new 0 0 100 59;\" xml:space=\"preserve\"><polygon points=\"59.9,6.1 79.4,25.7 6,25.7 6,33.3 79.4,33.3 59.9,52.9 65.3,58.2 94,29.5 65.3,0.8 \"><\/polygon><\/svg><\/span><\/a><\/div><!-- Entry Button --><\/article><\/div><div class=\"entry-list-layout wdt-classic-style entry-left-thumb wdt-default-hover wdt-bt-gradient-overlay column wdt-one-column wdt-post-entry\"><article id=\"post-22727\" class=\"post-22727 post type-post status-publish format-standard has-post-thumbnail hentry category-a-handbook-of-parents tag-nursery tag-pre-primary blog-entry entry-date-added\">\r\n\r\n\r\n\t<!-- Featured Image -->\r\n\t\t<div class=\"entry-thumb\">\r\n\t\t\r\n<div class=\"blog-image\"><a style=\"background-image:url(https:\/\/irispreschool.com.vn\/wp-content\/uploads\/2022\/12\/blog08.jpg)\" href=\"https:\/\/irispreschool.com.vn\/vi\/thiet-bi-choi-an-toan-duoc-bao-ve\/\" title=\"Li\u00ean k\u1ebft c\u1ed1 \u0111\u1ecbnh \u0111\u1ebfn Thi\u1ebft b\u1ecb ch\u01a1i an to\u00e0n v\u00e0 b\u1ea3o m\u1eadt\"><\/a><\/div>        <\/div><!-- Featured Image -->\r\n<!-- Entry Date -->\r\n<div class=\"entry-date\">\r\n\t<i class=\"wdticon-calendar\"> <\/i>\r\n\t29\/12\/2022<\/div><!-- Entry Date -->\r\n<!-- Entry Title -->\r\n<div class=\"entry-title\">\r\n\t<h4>    \t<a href=\"https:\/\/irispreschool.com.vn\/vi\/thiet-bi-choi-an-toan-duoc-bao-ve\/\" title=\"Li\u00ean k\u1ebft c\u1ed1 \u0111\u1ecbnh \u0111\u1ebfn Thi\u1ebft b\u1ecb ch\u01a1i an to\u00e0n v\u00e0 b\u1ea3o m\u1eadt\">Thi\u1ebft b\u1ecb vui ch\u01a1i an to\u00e0n v\u00e0 b\u1ea3o m\u1eadt<\/a>\r\n\t<\/h4>\r\n<\/div><!-- Entry Title -->\r\n\t<div class=\"entry-body\"><p>An Overview Aliquet lectus proin nibh nisl condimentum id venenatis. Cras pulvinar mattis nunc sed blandit. Egestas purus viverra accumsan in. Eget mauris pharetra et ultrices. Cras pulvinar mattis nunc sed blandit libero. Mi quis hendrerit dolor magna eget...<\/p><\/div>\r\n\r\n<!-- Entry Button --><div class=\"entry-button wdt-button-clone\"><a href=\"https:\/\/irispreschool.com.vn\/vi\/thiet-bi-choi-an-toan-duoc-bao-ve\/\" title=\"Thi\u1ebft b\u1ecb vui ch\u01a1i an to\u00e0n v\u00e0 b\u1ea3o m\u1eadt\" class=\"wdt-button\">\u0110\u1ecdc th\u00eam<span><svg xmlns=\"http:\/\/www.w3.org\/2000\/svg\" xmlns:xlink=\"http:\/\/www.w3.org\/1999\/xlink\" x=\"0px\" y=\"0px\" viewbox=\"0 0 100 59\" style=\"enable-background:new 0 0 100 59;\" xml:space=\"preserve\"><polygon points=\"59.9,6.1 79.4,25.7 6,25.7 6,33.3 79.4,33.3 59.9,52.9 65.3,58.2 94,29.5 65.3,0.8 \"><\/polygon><\/svg><\/span><\/a><\/div><!-- Entry Button --><\/article><\/div><div class=\"entry-list-layout wdt-classic-style entry-left-thumb wdt-default-hover wdt-bt-gradient-overlay column wdt-one-column wdt-post-entry\"><article id=\"post-22731\" class=\"post-22731 post type-post status-publish format-standard has-post-thumbnail hentry category-a-handbook-of-parents tag-nursery tag-pre-primary blog-entry entry-date-added\">\r\n\r\n\r\n\t<!-- Featured Image -->\r\n\t\t<div class=\"entry-thumb\">\r\n\t\t\r\n<div class=\"blog-image\"><a style=\"background-image:url(https:\/\/irispreschool.com.vn\/wp-content\/uploads\/2022\/12\/blog03.jpg)\" href=\"https:\/\/irispreschool.com.vn\/vi\/phong-hoc-trong-nha-duoc-trang-bi-day-du\/\" title=\"Li\u00ean k\u1ebft c\u1ed1 \u0111\u1ecbnh \u0111\u1ebfn \u0110\u01b0\u1ee3c trang b\u1ecb t\u1ed1t v\u1edbi c\u00e1c l\u1edbp h\u1ecdc trong nh\u00e0\"><\/a><\/div>        <\/div><!-- Featured Image -->\r\n<!-- Entry Date -->\r\n<div class=\"entry-date\">\r\n\t<i class=\"wdticon-calendar\"> <\/i>\r\n\t29\/12\/2022<\/div><!-- Entry Date -->\r\n<!-- Entry Title -->\r\n<div class=\"entry-title\">\r\n\t<h4>    \t<a href=\"https:\/\/irispreschool.com.vn\/vi\/phong-hoc-trong-nha-duoc-trang-bi-day-du\/\" title=\"Li\u00ean k\u1ebft c\u1ed1 \u0111\u1ecbnh \u0111\u1ebfn \u0110\u01b0\u1ee3c trang b\u1ecb t\u1ed1t v\u1edbi c\u00e1c l\u1edbp h\u1ecdc trong nh\u00e0\">\u0110\u01b0\u1ee3c trang b\u1ecb t\u1ed1t v\u1edbi c\u00e1c l\u1edbp h\u1ecdc trong nh\u00e0<\/a>\r\n\t<\/h4>\r\n<\/div><!-- Entry Title -->\r\n\t<div class=\"entry-body\"><p>An Overview Quisque id diam vel quam. Vestibulum mattis ullamcorper velit sed ullamcorper morbi tincidunt. Mauris pellentesque pulvinar pellentesque habitant morbi tristique senectus. Ultricies integer quis auctor elit sed vulputate mi sit. Eu facilisis sed odio morbi quis. Faucibus...<\/p><\/div>\r\n\r\n<!-- Entry Button --><div class=\"entry-button wdt-button-clone\"><a href=\"https:\/\/irispreschool.com.vn\/vi\/phong-hoc-trong-nha-duoc-trang-bi-day-du\/\" title=\"\u0110\u01b0\u1ee3c trang b\u1ecb t\u1ed1t v\u1edbi c\u00e1c l\u1edbp h\u1ecdc trong nh\u00e0\" class=\"wdt-button\">\u0110\u1ecdc th\u00eam<span><svg xmlns=\"http:\/\/www.w3.org\/2000\/svg\" xmlns:xlink=\"http:\/\/www.w3.org\/1999\/xlink\" x=\"0px\" y=\"0px\" viewbox=\"0 0 100 59\" style=\"enable-background:new 0 0 100 59;\" xml:space=\"preserve\"><polygon points=\"59.9,6.1 79.4,25.7 6,25.7 6,33.3 79.4,33.3 59.9,52.9 65.3,58.2 94,29.5 65.3,0.8 \"><\/polygon><\/svg><\/span><\/a><\/div><!-- Entry Button --><\/article><\/div><div class=\"entry-list-layout wdt-classic-style entry-left-thumb wdt-default-hover wdt-bt-gradient-overlay column wdt-one-column wdt-post-entry\"><article id=\"post-20574\" class=\"post-20574 post type-post status-publish format-standard has-post-thumbnail hentry category-a-handbook-of-parents tag-nursery tag-pre-primary blog-entry entry-date-added\">\r\n\r\n\r\n\t<!-- Featured Image -->\r\n\t\t<div class=\"entry-thumb\">\r\n\t\t\r\n<div class=\"blog-image\"><a style=\"background-image:url(https:\/\/irispreschool.com.vn\/wp-content\/uploads\/2021\/07\/blog17.jpg)\" href=\"https:\/\/irispreschool.com.vn\/vi\/cham-soc-hoc-tap-tuyet-voi\/\" title=\"Permalink to Excellent Care &#038; Learning\"><\/a><\/div>        <\/div><!-- Featured Image -->\r\n<!-- Entry Date -->\r\n<div class=\"entry-date\">\r\n\t<i class=\"wdticon-calendar\"> <\/i>\r\n\t10\/07\/2021<\/div><!-- Entry Date -->\r\n<!-- Entry Title -->\r\n<div class=\"entry-title\">\r\n\t<h4>    \t<a href=\"https:\/\/irispreschool.com.vn\/vi\/cham-soc-hoc-tap-tuyet-voi\/\" title=\"Permalink to Excellent Care &#038; Learning\">Ch\u0103m s\u00f3c v\u00e0 h\u1ecdc t\u1eadp tuy\u1ec7t v\u1eddi<\/a>\r\n\t<\/h4>\r\n<\/div><!-- Entry Title -->\r\n\t<div class=\"entry-body\"><p>An Overview Lte culpa architecto cum perferendis quasi in nihil aliquam ut temporibus porro. In repellendus similique sit ipsum recusandae At velit doloribus et temporibus dolorem. Eum iure eaque aut provident magni et odit voluptas si modi nobis est...<\/p><\/div>\r\n\r\n<!-- Entry Button --><div class=\"entry-button wdt-button-clone\"><a href=\"https:\/\/irispreschool.com.vn\/vi\/cham-soc-hoc-tap-tuyet-voi\/\" title=\"Ch\u0103m s\u00f3c v\u00e0 h\u1ecdc t\u1eadp tuy\u1ec7t v\u1eddi\" class=\"wdt-button\">\u0110\u1ecdc th\u00eam<span><svg xmlns=\"http:\/\/www.w3.org\/2000\/svg\" xmlns:xlink=\"http:\/\/www.w3.org\/1999\/xlink\" x=\"0px\" y=\"0px\" viewbox=\"0 0 100 59\" style=\"enable-background:new 0 0 100 59;\" xml:space=\"preserve\"><polygon points=\"59.9,6.1 79.4,25.7 6,25.7 6,33.3 79.4,33.3 59.9,52.9 65.3,58.2 94,29.5 65.3,0.8 \"><\/polygon><\/svg><\/span><\/a><\/div><!-- Entry Button --><\/article><\/div><\/div><div class=\"pagination blog-pagination\"><div class=\"column one pager_wrapper\"><ul class='page-numbers'>\n\t<li><span aria-current=\"page\" class=\"page-numbers current\">1<\/span><\/li>\n\t<li><a class=\"page-numbers\" href=\"https:\/\/irispreschool.com.vn\/vi\/wp-json\/wp\/v2\/pages\/23029\/page\/2\/\">2<\/a><\/li>\n\t<li><a class=\"page-numbers\" href=\"https:\/\/irispreschool.com.vn\/vi\/wp-json\/wp\/v2\/pages\/23029\/page\/3\/\">3<\/a><\/li>\n\t<li><span class=\"page-numbers dots\">\u2026<\/span><\/li>\n\t<li><a class=\"page-numbers\" href=\"https:\/\/irispreschool.com.vn\/vi\/wp-json\/wp\/v2\/pages\/23029\/page\/6\/\">6<\/a><\/li>\n\t<li><a class=\"next page-numbers\" href=\"https:\/\/irispreschool.com.vn\/vi\/wp-json\/wp\/v2\/pages\/23029\/page\/2\/\"><i class=\"wdticon-angle-double-right\"><\/i><\/a><\/li>\n<\/ul>\n<\/div>\n<\/div><\/div>\t\t<\/div>\n\t\t\t\t<\/div>\n\t\t\t\t\t<\/div>\n\t\t<\/div>\n\t\t\t\t\t<\/div>\n\t\t<\/section>\n\t\t\t\t<\/div>","protected":false},"excerpt":{"rendered":"<p>22\/05\/2025 9 L\u1edcI KHUY\u00caN CHO B\u1ec6NH \u0110AU D\u1ea0 D\u00c0Y C\u1ee6A TR\u1eba S\u01a0 SINH C\u00f3 r\u1ea5t nhi\u1ec1u nguy\u00ean nh\u00e2n g\u00e2y ra t\u00ecnh tr\u1ea1ng \u0111au b\u1ee5ng, v\u1edbi nh\u1eefng tr\u01b0\u1eddng h\u1ee3p nh\u1eb9, m\u1eb9 c\u00f3 th\u1ec3 x\u1eed l\u00fd nhanh v\u00e0 an \u1ee7i b\u00e9 t\u1ea1i nh\u00e0. 9 g\u1ee3i \u00fd sau \u0111\u00e2y s\u1ebd gi\u00fap \u00edch cho m\u1eb9. Gi\u00e1o s\u01b0, B\u00e1c s\u0129 nhi khoa Deborah Lonzer, Tr\u01b0\u1edfng khoa nhi t\u1ea1i Cleveland Clinic,\u2026 \u0110\u1ecdc th\u00eam 22\/05\/2025 Ch\u1ebf \u0111\u1ed9 \u0103n u\u1ed1ng t\u1ea1i [\u2026]<\/p>","protected":false},"author":1,"featured_media":0,"parent":0,"menu_order":0,"comment_status":"closed","ping_status":"closed","template":"","meta":{"footnotes":""},"class_list":["post-23029","page","type-page","status-publish","hentry","blog-entry","format-standard","entry-date-added"],"yoast_head":"<!-- This site is optimized with the Yoast SEO Premium plugin v20.9 (Yoast SEO v20.9) - https:\/\/yoast.com\/wordpress\/plugins\/seo\/ -->\n<title>A Handbook of Parents - Iris PreSchool<\/title>\n<meta name=\"robots\" content=\"index, follow, max-snippet:-1, max-image-preview:large, max-video-preview:-1\" \/>\n<link rel=\"canonical\" href=\"https:\/\/irispreschool.com.vn\/vi\/mot-cuon-so-tay-danh-cho-cha-me\/\" \/>\n<meta property=\"og:locale\" content=\"vi_VN\" \/>\n<meta property=\"og:type\" content=\"article\" \/>\n<meta property=\"og:title\" content=\"A Handbook of Parents\" \/>\n<meta property=\"og:description\" content=\"22\/05\/2025 9 TIPS FOR FLUIDS STOMACH ACHES OF THE BABY There are many causes for abdominal pain, with mild cases that the mother can handle quickly and comfort her at home. The following 9 suggestions will help mom. Professor, Pediatrician Deborah Lonzer, head of pediatrics at the Cleveland Clinic,&#8230; Read More 22\/05\/2025 Diet regime at [&hellip;]\" \/>\n<meta property=\"og:url\" content=\"https:\/\/irispreschool.com.vn\/vi\/mot-cuon-so-tay-danh-cho-cha-me\/\" \/>\n<meta property=\"og:site_name\" content=\"Iris PreSchool\" \/>\n<meta property=\"article:modified_time\" content=\"2025-05-22T10:12:20+00:00\" \/>\n<meta name=\"twitter:card\" content=\"summary_large_image\" \/>\n<meta name=\"twitter:label1\" content=\"\u01af\u1edbc t\u00ednh th\u1eddi gian \u0111\u1ecdc\" \/>\n\t<meta name=\"twitter:data1\" content=\"1 ph\u00fat\" \/>\n<script type=\"application\/ld+json\" class=\"yoast-schema-graph\">{\"@context\":\"https:\/\/schema.org\",\"@graph\":[{\"@type\":\"WebPage\",\"@id\":\"https:\/\/irispreschool.com.vn\/a-handbook-of-parents\/\",\"url\":\"https:\/\/irispreschool.com.vn\/a-handbook-of-parents\/\",\"name\":\"A Handbook of Parents - Iris PreSchool\",\"isPartOf\":{\"@id\":\"https:\/\/irispreschool.com.vn\/#website\"},\"datePublished\":\"2025-05-22T08:41:20+00:00\",\"dateModified\":\"2025-05-22T10:12:20+00:00\",\"breadcrumb\":{\"@id\":\"https:\/\/irispreschool.com.vn\/a-handbook-of-parents\/#breadcrumb\"},\"inLanguage\":\"vi\",\"potentialAction\":[{\"@type\":\"ReadAction\",\"target\":[\"https:\/\/irispreschool.com.vn\/a-handbook-of-parents\/\"]}]},{\"@type\":\"BreadcrumbList\",\"@id\":\"https:\/\/irispreschool.com.vn\/a-handbook-of-parents\/#breadcrumb\",\"itemListElement\":[{\"@type\":\"ListItem\",\"position\":1,\"name\":\"Home\",\"item\":\"https:\/\/irispreschool.com.vn\/\"},{\"@type\":\"ListItem\",\"position\":2,\"name\":\"A Handbook of Parents\"}]},{\"@type\":\"WebSite\",\"@id\":\"https:\/\/irispreschool.com.vn\/#website\",\"url\":\"https:\/\/irispreschool.com.vn\/\",\"name\":\"Iris PreSchool\",\"description\":\"Together We\u2019ll Explore New Things\",\"publisher\":{\"@id\":\"https:\/\/irispreschool.com.vn\/#organization\"},\"potentialAction\":[{\"@type\":\"SearchAction\",\"target\":{\"@type\":\"EntryPoint\",\"urlTemplate\":\"https:\/\/irispreschool.com.vn\/?s={search_term_string}\"},\"query-input\":\"required name=search_term_string\"}],\"inLanguage\":\"vi\"},{\"@type\":\"Organization\",\"@id\":\"https:\/\/irispreschool.com.vn\/#organization\",\"name\":\"Iris PreSchool\",\"url\":\"https:\/\/irispreschool.com.vn\/\",\"logo\":{\"@type\":\"ImageObject\",\"inLanguage\":\"vi\",\"@id\":\"https:\/\/irispreschool.com.vn\/#\/schema\/logo\/image\/\",\"url\":\"https:\/\/irispreschool.com.vn\/wp-content\/uploads\/2025\/05\/IRIS-Logo.png\",\"contentUrl\":\"https:\/\/irispreschool.com.vn\/wp-content\/uploads\/2025\/05\/IRIS-Logo.png\",\"width\":512,\"height\":512,\"caption\":\"Iris PreSchool\"},\"image\":{\"@id\":\"https:\/\/irispreschool.com.vn\/#\/schema\/logo\/image\/\"}}]}<\/script>\n<!-- \/ Yoast SEO Premium plugin. -->","yoast_head_json":{"title":"A Handbook of Parents - Iris PreSchool","robots":{"index":"index","follow":"follow","max-snippet":"max-snippet:-1","max-image-preview":"max-image-preview:large","max-video-preview":"max-video-preview:-1"},"canonical":"https:\/\/irispreschool.com.vn\/vi\/mot-cuon-so-tay-danh-cho-cha-me\/","og_locale":"vi_VN","og_type":"article","og_title":"A Handbook of Parents","og_description":"22\/05\/2025 9 TIPS FOR FLUIDS STOMACH ACHES OF THE BABY There are many causes for abdominal pain, with mild cases that the mother can handle quickly and comfort her at home. The following 9 suggestions will help mom. Professor, Pediatrician Deborah Lonzer, head of pediatrics at the Cleveland Clinic,&#8230; Read More 22\/05\/2025 Diet regime at [&hellip;]","og_url":"https:\/\/irispreschool.com.vn\/vi\/mot-cuon-so-tay-danh-cho-cha-me\/","og_site_name":"Iris PreSchool","article_modified_time":"2025-05-22T10:12:20+00:00","twitter_card":"summary_large_image","twitter_misc":{"\u01af\u1edbc t\u00ednh th\u1eddi gian \u0111\u1ecdc":"1 ph\u00fat"},"schema":{"@context":"https:\/\/schema.org","@graph":[{"@type":"WebPage","@id":"https:\/\/irispreschool.com.vn\/a-handbook-of-parents\/","url":"https:\/\/irispreschool.com.vn\/a-handbook-of-parents\/","name":"A Handbook of Parents - Iris PreSchool","isPartOf":{"@id":"https:\/\/irispreschool.com.vn\/#website"},"datePublished":"2025-05-22T08:41:20+00:00","dateModified":"2025-05-22T10:12:20+00:00","breadcrumb":{"@id":"https:\/\/irispreschool.com.vn\/a-handbook-of-parents\/#breadcrumb"},"inLanguage":"vi","potentialAction":[{"@type":"ReadAction","target":["https:\/\/irispreschool.com.vn\/a-handbook-of-parents\/"]}]},{"@type":"BreadcrumbList","@id":"https:\/\/irispreschool.com.vn\/a-handbook-of-parents\/#breadcrumb","itemListElement":[{"@type":"ListItem","position":1,"name":"Home","item":"https:\/\/irispreschool.com.vn\/"},{"@type":"ListItem","position":2,"name":"A Handbook of Parents"}]},{"@type":"WebSite","@id":"https:\/\/irispreschool.com.vn\/#website","url":"https:\/\/irispreschool.com.vn\/","name":"Iris PreSchool","description":"Together We\u2019ll Explore New Things","publisher":{"@id":"https:\/\/irispreschool.com.vn\/#organization"},"potentialAction":[{"@type":"SearchAction","target":{"@type":"EntryPoint","urlTemplate":"https:\/\/irispreschool.com.vn\/?s={search_term_string}"},"query-input":"required name=search_term_string"}],"inLanguage":"vi"},{"@type":"Organization","@id":"https:\/\/irispreschool.com.vn\/#organization","name":"Iris PreSchool","url":"https:\/\/irispreschool.com.vn\/","logo":{"@type":"ImageObject","inLanguage":"vi","@id":"https:\/\/irispreschool.com.vn\/#\/schema\/logo\/image\/","url":"https:\/\/irispreschool.com.vn\/wp-content\/uploads\/2025\/05\/IRIS-Logo.png","contentUrl":"https:\/\/irispreschool.com.vn\/wp-content\/uploads\/2025\/05\/IRIS-Logo.png","width":512,"height":512,"caption":"Iris PreSchool"},"image":{"@id":"https:\/\/irispreschool.com.vn\/#\/schema\/logo\/image\/"}}]}},"_links":{"self":[{"href":"https:\/\/irispreschool.com.vn\/vi\/wp-json\/wp\/v2\/pages\/23029","targetHints":{"allow":["GET"]}}],"collection":[{"href":"https:\/\/irispreschool.com.vn\/vi\/wp-json\/wp\/v2\/pages"}],"about":[{"href":"https:\/\/irispreschool.com.vn\/vi\/wp-json\/wp\/v2\/types\/page"}],"author":[{"embeddable":true,"href":"https:\/\/irispreschool.com.vn\/vi\/wp-json\/wp\/v2\/users\/1"}],"replies":[{"embeddable":true,"href":"https:\/\/irispreschool.com.vn\/vi\/wp-json\/wp\/v2\/comments?post=23029"}],"version-history":[{"count":0,"href":"https:\/\/irispreschool.com.vn\/vi\/wp-json\/wp\/v2\/pages\/23029\/revisions"}],"wp:attachment":[{"href":"https:\/\/irispreschool.com.vn\/vi\/wp-json\/wp\/v2\/media?parent=23029"}],"curies":[{"name":"wp","href":"https:\/\/api.w.org\/{rel}","templated":true}]}}