{"id":23027,"date":"2025-05-22T15:41:17","date_gmt":"2025-05-22T08:41:17","guid":{"rendered":"https:\/\/irispreschool.123websitedev.com\/?page_id=23027"},"modified":"2025-06-17T15:58:44","modified_gmt":"2025-06-17T08:58:44","slug":"iriss-classes","status":"publish","type":"page","link":"https:\/\/irispreschool.com.vn\/vi\/lop-mong-mat\/","title":{"rendered":"L\u1edbp h\u1ecdc c\u1ee7a Iris"},"content":{"rendered":"<div data-elementor-type=\"wp-page\" data-elementor-id=\"23027\" class=\"elementor elementor-23027\">\n\t\t\t\t\t\t<section class=\"elementor-section elementor-top-section elementor-element elementor-element-dc617b8 elementor-section-boxed elementor-section-height-default elementor-section-height-default\" data-id=\"dc617b8\" data-element_type=\"section\" data-settings=\"{&quot;wdt_bg_image&quot;:{&quot;url&quot;:&quot;&quot;,&quot;id&quot;:&quot;&quot;,&quot;size&quot;:&quot;&quot;},&quot;wdt_bg_image_laptop&quot;:{&quot;url&quot;:&quot;&quot;,&quot;id&quot;:&quot;&quot;,&quot;size&quot;:&quot;&quot;},&quot;wdt_bg_image_tablet_extra&quot;:{&quot;url&quot;:&quot;&quot;,&quot;id&quot;:&quot;&quot;,&quot;size&quot;:&quot;&quot;},&quot;wdt_bg_image_tablet&quot;:{&quot;url&quot;:&quot;&quot;,&quot;id&quot;:&quot;&quot;,&quot;size&quot;:&quot;&quot;},&quot;wdt_bg_image_mobile_extra&quot;:{&quot;url&quot;:&quot;&quot;,&quot;id&quot;:&quot;&quot;,&quot;size&quot;:&quot;&quot;},&quot;wdt_bg_image_mobile&quot;:{&quot;url&quot;:&quot;&quot;,&quot;id&quot;:&quot;&quot;,&quot;size&quot;:&quot;&quot;},&quot;wdt_bg_position&quot;:&quot;center center&quot;,&quot;wdt_animation_effect&quot;:&quot;none&quot;}\">\n\t\t\t\t\t\t<div class=\"elementor-container elementor-column-gap-default\">\n\t\t\t\t\t<div class=\"elementor-column elementor-col-33 elementor-top-column elementor-element elementor-element-604e0b9\" data-id=\"604e0b9\" data-element_type=\"column\">\n\t\t\t<div class=\"elementor-widget-wrap elementor-element-populated\">\n\t\t\t\t\t\t<div class=\"elementor-element elementor-element-c8753bc elementor-position-top elementor-widget elementor-widget-image-box\" data-id=\"c8753bc\" data-element_type=\"widget\" data-settings=\"{&quot;wdt_animation_effect&quot;:&quot;none&quot;}\" data-widget_type=\"image-box.default\">\n\t\t\t\t<div class=\"elementor-widget-container\">\n\t\t\t<style>.elementor-widget-image-box .elementor-image-box-content{width:100%}@media (min-width:480px){.elementor-widget-image-box.elementor-position-left .elementor-image-box-wrapper,.elementor-widget-image-box.elementor-position-right .elementor-image-box-wrapper{display:flex}.elementor-widget-image-box.elementor-position-right .elementor-image-box-wrapper{text-align:right;flex-direction:row-reverse}.elementor-widget-image-box.elementor-position-left .elementor-image-box-wrapper{text-align:left;flex-direction:row}.elementor-widget-image-box.elementor-position-top .elementor-image-box-img{margin:auto}.elementor-widget-image-box.elementor-vertical-align-top .elementor-image-box-wrapper{align-items:flex-start}.elementor-widget-image-box.elementor-vertical-align-middle .elementor-image-box-wrapper{align-items:center}.elementor-widget-image-box.elementor-vertical-align-bottom .elementor-image-box-wrapper{align-items:flex-end}}@media (max-width:479px){.elementor-widget-image-box .elementor-image-box-img{margin-left:auto!important;margin-right:auto!important;margin-bottom:15px}}.elementor-widget-image-box .elementor-image-box-img{display:inline-block}.elementor-widget-image-box .elementor-image-box-title a{color:inherit}.elementor-widget-image-box .elementor-image-box-wrapper{text-align:center}.elementor-widget-image-box .elementor-image-box-description{margin:0}<\/style><div class=\"elementor-image-box-wrapper\"><figure class=\"elementor-image-box-img\"><a href=\"https:\/\/irispreschool.com.vn\/vi\/lop-mong-mat\/lop-tre-em\/\" tabindex=\"-1\"><img fetchpriority=\"high\" decoding=\"async\" width=\"1620\" height=\"1080\" src=\"https:\/\/irispreschool.com.vn\/wp-content\/uploads\/2025\/05\/IMG_3582-Copy.jpg\" class=\"attachment-full size-full wp-image-24115\" alt=\"\" srcset=\"https:\/\/irispreschool.com.vn\/wp-content\/uploads\/2025\/05\/IMG_3582-Copy.jpg 1620w, https:\/\/irispreschool.com.vn\/wp-content\/uploads\/2025\/05\/IMG_3582-Copy-300x200.jpg 300w, https:\/\/irispreschool.com.vn\/wp-content\/uploads\/2025\/05\/IMG_3582-Copy-1024x683.jpg 1024w, https:\/\/irispreschool.com.vn\/wp-content\/uploads\/2025\/05\/IMG_3582-Copy-768x512.jpg 768w, https:\/\/irispreschool.com.vn\/wp-content\/uploads\/2025\/05\/IMG_3582-Copy-1536x1024.jpg 1536w\" sizes=\"(max-width: 1620px) 100vw, 1620px\" \/><\/a><\/figure><div class=\"elementor-image-box-content\"><h3 class=\"elementor-image-box-title\"><a href=\"https:\/\/irispreschool.com.vn\/vi\/lop-mong-mat\/lop-tre-em\/\">L\u1edaP EM B\u00c9<\/a><\/h3><p class=\"elementor-image-box-description\">07:30 \u2013 17:00 Th\u1ee9 Hai \u2013 Th\u1ee9 S\u00e1u<br>\n\nD\u00e0nh cho tr\u1ebb t\u1eeb 12 \u0111\u1ebfn 27 th\u00e1ng tu\u1ed5i h\u1ecdc ti\u1ebfng Anh c\u1ea3 ng\u00e0y, bao g\u1ed3m b\u00e0i h\u1ecdc ti\u1ebfng Anh v\u1edbi ng\u01b0\u1eddi b\u1ea3n ng\u1eef.<br>\n\n12 \u2013 27 th\u00e1ng \/ 15 em b\u00e9\/L\u1edbp<\/p><\/div><\/div>\t\t<\/div>\n\t\t\t\t<\/div>\n\t\t\t\t\t<\/div>\n\t\t<\/div>\n\t\t\t\t<div class=\"elementor-column elementor-col-33 elementor-top-column elementor-element elementor-element-705c6db\" data-id=\"705c6db\" data-element_type=\"column\">\n\t\t\t<div class=\"elementor-widget-wrap elementor-element-populated\">\n\t\t\t\t\t\t<div class=\"elementor-element elementor-element-39ee3ac elementor-position-top elementor-widget elementor-widget-image-box\" data-id=\"39ee3ac\" data-element_type=\"widget\" data-settings=\"{&quot;wdt_animation_effect&quot;:&quot;none&quot;}\" data-widget_type=\"image-box.default\">\n\t\t\t\t<div class=\"elementor-widget-container\">\n\t\t\t<div class=\"elementor-image-box-wrapper\"><figure class=\"elementor-image-box-img\"><a href=\"https:\/\/irispreschool.com.vn\/vi\/iriss-classes\/group-grade-i\/\" tabindex=\"-1\"><img decoding=\"async\" width=\"1620\" height=\"1080\" src=\"https:\/\/irispreschool.com.vn\/wp-content\/uploads\/2025\/05\/IMG_8409-Copy.jpg\" class=\"attachment-full size-full wp-image-24114\" alt=\"\" srcset=\"https:\/\/irispreschool.com.vn\/wp-content\/uploads\/2025\/05\/IMG_8409-Copy.jpg 1620w, https:\/\/irispreschool.com.vn\/wp-content\/uploads\/2025\/05\/IMG_8409-Copy-300x200.jpg 300w, https:\/\/irispreschool.com.vn\/wp-content\/uploads\/2025\/05\/IMG_8409-Copy-1024x683.jpg 1024w, https:\/\/irispreschool.com.vn\/wp-content\/uploads\/2025\/05\/IMG_8409-Copy-768x512.jpg 768w, https:\/\/irispreschool.com.vn\/wp-content\/uploads\/2025\/05\/IMG_8409-Copy-1536x1024.jpg 1536w\" sizes=\"(max-width: 1620px) 100vw, 1620px\" \/><\/a><\/figure><div class=\"elementor-image-box-content\"><h3 class=\"elementor-image-box-title\"><a href=\"https:\/\/irispreschool.com.vn\/vi\/iriss-classes\/group-grade-i\/\">L\u1edaP I-BLOOM<\/a><\/h3><p class=\"elementor-image-box-description\">07:30 \u2013 17:00 Th\u1ee9 Hai \u2013 Th\u1ee9 S\u00e1u<br>\n\n\u0110\u1ed1i v\u1edbi tr\u1ebb t\u1eeb 28 \u0111\u1ebfn 72 th\u00e1ng tu\u1ed5i, h\u1ecdc ti\u1ebfng Anh c\u1ea3 ng\u00e0y v\u1edbi gi\u00e1o vi\u00ean b\u1ea3n ng\u1eef (Hoa K\u1ef3, Canada, Anh, \u00dac, Ch\u00e2u \u00c2u).<br>\n\n28 \u2013 72 th\u00e1ng - 18 em b\u00e9\/L\u1edbp<\/p><\/div><\/div>\t\t<\/div>\n\t\t\t\t<\/div>\n\t\t\t\t\t<\/div>\n\t\t<\/div>\n\t\t\t\t<div class=\"elementor-column elementor-col-33 elementor-top-column elementor-element elementor-element-d6a6f5f\" data-id=\"d6a6f5f\" data-element_type=\"column\">\n\t\t\t<div class=\"elementor-widget-wrap elementor-element-populated\">\n\t\t\t\t\t\t<div class=\"elementor-element elementor-element-75a5617 elementor-position-top elementor-widget elementor-widget-image-box\" data-id=\"75a5617\" data-element_type=\"widget\" data-settings=\"{&quot;wdt_animation_effect&quot;:&quot;none&quot;}\" data-widget_type=\"image-box.default\">\n\t\t\t\t<div class=\"elementor-widget-container\">\n\t\t\t<div class=\"elementor-image-box-wrapper\"><figure class=\"elementor-image-box-img\"><a href=\"https:\/\/irispreschool.com.vn\/vi\/lop-mong-mat\/nhom-lop-v\/\" tabindex=\"-1\"><img decoding=\"async\" width=\"1620\" height=\"1080\" src=\"https:\/\/irispreschool.com.vn\/wp-content\/uploads\/2025\/05\/IMG_3396-Copy.jpg\" class=\"attachment-full size-full wp-image-24113\" alt=\"\" srcset=\"https:\/\/irispreschool.com.vn\/wp-content\/uploads\/2025\/05\/IMG_3396-Copy.jpg 1620w, https:\/\/irispreschool.com.vn\/wp-content\/uploads\/2025\/05\/IMG_3396-Copy-300x200.jpg 300w, https:\/\/irispreschool.com.vn\/wp-content\/uploads\/2025\/05\/IMG_3396-Copy-1024x683.jpg 1024w, https:\/\/irispreschool.com.vn\/wp-content\/uploads\/2025\/05\/IMG_3396-Copy-768x512.jpg 768w, https:\/\/irispreschool.com.vn\/wp-content\/uploads\/2025\/05\/IMG_3396-Copy-1536x1024.jpg 1536w\" sizes=\"(max-width: 1620px) 100vw, 1620px\" \/><\/a><\/figure><div class=\"elementor-image-box-content\"><h3 class=\"elementor-image-box-title\"><a href=\"https:\/\/irispreschool.com.vn\/vi\/lop-mong-mat\/nhom-lop-v\/\"> L\u1edaP B-XANH<\/a><\/h3><p class=\"elementor-image-box-description\">07:30 \u2013 17:00 Th\u1ee9 Hai \u2013 Th\u1ee9 S\u00e1u<br>\n\nD\u00e0nh cho tr\u1ebb em t\u1eeb 28 \u0111\u1ebfn 72 th\u00e1ng tu\u1ed5i h\u1ecdc ti\u1ebfng Anh c\u1ea3 ng\u00e0y, bao g\u1ed3m m\u1ed9t b\u00e0i h\u1ecdc ti\u1ebfng Anh v\u1edbi ng\u01b0\u1eddi b\u1ea3n ng\u1eef.<br>\n\n28 \u2013 72 th\u00e1ng - 18 em b\u00e9\/L\u1edbp<\/p><\/div><\/div>\t\t<\/div>\n\t\t\t\t<\/div>\n\t\t\t\t\t<\/div>\n\t\t<\/div>\n\t\t\t\t\t<\/div>\n\t\t<\/section>\n\t\t\t\t<\/div>","protected":false},"excerpt":{"rendered":"<p>L\u1edaP BABY 07:30 \u2013 17:00 Th\u1ee9 Hai \u2013 Th\u1ee9 S\u00e1u D\u00e0nh cho tr\u1ebb t\u1eeb 12 \u0111\u1ebfn 27 th\u00e1ng tu\u1ed5i h\u1ecdc ti\u1ebfng Anh c\u1ea3 ng\u00e0y, bao g\u1ed3m m\u1ed9t b\u00e0i h\u1ecdc ti\u1ebfng Anh v\u1edbi ng\u01b0\u1eddi b\u1ea3n ng\u1eef. 12 \u2013 27 th\u00e1ng \/ 15 tu\u1ed5i\/L\u1edbp I-BLOOM 07:30 \u2013 17:00 Th\u1ee9 Hai \u2013 Th\u1ee9 S\u00e1u D\u00e0nh cho tr\u1ebb t\u1eeb 28 \u0111\u1ebfn 72 th\u00e1ng tu\u1ed5i h\u1ecdc ti\u1ebfng Anh c\u1ea3 ng\u00e0y v\u1edbi gi\u00e1o vi\u00ean b\u1ea3n ng\u1eef (M\u1ef9, Canada, [\u2026]<\/p>","protected":false},"author":1,"featured_media":0,"parent":0,"menu_order":0,"comment_status":"closed","ping_status":"closed","template":"elementor_header_footer","meta":{"footnotes":""},"class_list":["post-23027","page","type-page","status-publish","hentry"],"yoast_head":"<!-- This site is optimized with the Yoast SEO Premium plugin v20.9 (Yoast SEO v20.9) - https:\/\/yoast.com\/wordpress\/plugins\/seo\/ -->\n<title>Iris\u2019s Classes - Iris PreSchool<\/title>\n<meta name=\"robots\" content=\"index, follow, max-snippet:-1, max-image-preview:large, max-video-preview:-1\" \/>\n<link rel=\"canonical\" href=\"https:\/\/irispreschool.com.vn\/vi\/lop-mong-mat\/\" \/>\n<meta property=\"og:locale\" content=\"vi_VN\" \/>\n<meta property=\"og:type\" content=\"article\" \/>\n<meta property=\"og:title\" content=\"Iris\u2019s Classes\" \/>\n<meta property=\"og:description\" content=\"BABY GRADE 07:30 \u2013 17:00 Monday \u2013 Friday For 12 to 27 month olds who are learning English all day including an English lesson with native speakers. 12 \u2013 27 month \/ 15 Babies\/Class I-BLOOM CLASS 07:30 \u2013 17:00 Monday \u2013 Friday For 28- to 72-month-olds, learn English all day with native teachers (USA, Canada, [&hellip;]\" \/>\n<meta property=\"og:url\" content=\"https:\/\/irispreschool.com.vn\/vi\/lop-mong-mat\/\" \/>\n<meta property=\"og:site_name\" content=\"Iris PreSchool\" \/>\n<meta property=\"article:modified_time\" content=\"2025-06-17T08:58:44+00:00\" \/>\n<meta property=\"og:image\" content=\"https:\/\/irispreschool.com.vn\/wp-content\/uploads\/2025\/05\/IMG_3582-Copy.jpg\" \/>\n<meta name=\"twitter:card\" content=\"summary_large_image\" \/>\n<meta name=\"twitter:label1\" content=\"\u01af\u1edbc t\u00ednh th\u1eddi gian \u0111\u1ecdc\" \/>\n\t<meta name=\"twitter:data1\" content=\"1 ph\u00fat\" \/>\n<script type=\"application\/ld+json\" class=\"yoast-schema-graph\">{\"@context\":\"https:\/\/schema.org\",\"@graph\":[{\"@type\":\"WebPage\",\"@id\":\"https:\/\/irispreschool.com.vn\/iriss-classes\/\",\"url\":\"https:\/\/irispreschool.com.vn\/iriss-classes\/\",\"name\":\"Iris\u2019s Classes - Iris PreSchool\",\"isPartOf\":{\"@id\":\"https:\/\/irispreschool.com.vn\/#website\"},\"datePublished\":\"2025-05-22T08:41:17+00:00\",\"dateModified\":\"2025-06-17T08:58:44+00:00\",\"breadcrumb\":{\"@id\":\"https:\/\/irispreschool.com.vn\/iriss-classes\/#breadcrumb\"},\"inLanguage\":\"vi\",\"potentialAction\":[{\"@type\":\"ReadAction\",\"target\":[\"https:\/\/irispreschool.com.vn\/iriss-classes\/\"]}]},{\"@type\":\"BreadcrumbList\",\"@id\":\"https:\/\/irispreschool.com.vn\/iriss-classes\/#breadcrumb\",\"itemListElement\":[{\"@type\":\"ListItem\",\"position\":1,\"name\":\"Home\",\"item\":\"https:\/\/irispreschool.com.vn\/\"},{\"@type\":\"ListItem\",\"position\":2,\"name\":\"Iris\u2019s Classes\"}]},{\"@type\":\"WebSite\",\"@id\":\"https:\/\/irispreschool.com.vn\/#website\",\"url\":\"https:\/\/irispreschool.com.vn\/\",\"name\":\"Iris PreSchool\",\"description\":\"Together We\u2019ll Explore New Things\",\"publisher\":{\"@id\":\"https:\/\/irispreschool.com.vn\/#organization\"},\"potentialAction\":[{\"@type\":\"SearchAction\",\"target\":{\"@type\":\"EntryPoint\",\"urlTemplate\":\"https:\/\/irispreschool.com.vn\/?s={search_term_string}\"},\"query-input\":\"required name=search_term_string\"}],\"inLanguage\":\"vi\"},{\"@type\":\"Organization\",\"@id\":\"https:\/\/irispreschool.com.vn\/#organization\",\"name\":\"Iris PreSchool\",\"url\":\"https:\/\/irispreschool.com.vn\/\",\"logo\":{\"@type\":\"ImageObject\",\"inLanguage\":\"vi\",\"@id\":\"https:\/\/irispreschool.com.vn\/#\/schema\/logo\/image\/\",\"url\":\"https:\/\/irispreschool.com.vn\/wp-content\/uploads\/2025\/05\/IRIS-Logo.png\",\"contentUrl\":\"https:\/\/irispreschool.com.vn\/wp-content\/uploads\/2025\/05\/IRIS-Logo.png\",\"width\":512,\"height\":512,\"caption\":\"Iris PreSchool\"},\"image\":{\"@id\":\"https:\/\/irispreschool.com.vn\/#\/schema\/logo\/image\/\"}}]}<\/script>\n<!-- \/ Yoast SEO Premium plugin. -->","yoast_head_json":{"title":"Iris\u2019s Classes - Iris PreSchool","robots":{"index":"index","follow":"follow","max-snippet":"max-snippet:-1","max-image-preview":"max-image-preview:large","max-video-preview":"max-video-preview:-1"},"canonical":"https:\/\/irispreschool.com.vn\/vi\/lop-mong-mat\/","og_locale":"vi_VN","og_type":"article","og_title":"Iris\u2019s Classes","og_description":"BABY GRADE 07:30 \u2013 17:00 Monday \u2013 Friday For 12 to 27 month olds who are learning English all day including an English lesson with native speakers. 12 \u2013 27 month \/ 15 Babies\/Class I-BLOOM CLASS 07:30 \u2013 17:00 Monday \u2013 Friday For 28- to 72-month-olds, learn English all day with native teachers (USA, Canada, [&hellip;]","og_url":"https:\/\/irispreschool.com.vn\/vi\/lop-mong-mat\/","og_site_name":"Iris PreSchool","article_modified_time":"2025-06-17T08:58:44+00:00","og_image":[{"url":"https:\/\/irispreschool.com.vn\/wp-content\/uploads\/2025\/05\/IMG_3582-Copy.jpg"}],"twitter_card":"summary_large_image","twitter_misc":{"\u01af\u1edbc t\u00ednh th\u1eddi gian \u0111\u1ecdc":"1 ph\u00fat"},"schema":{"@context":"https:\/\/schema.org","@graph":[{"@type":"WebPage","@id":"https:\/\/irispreschool.com.vn\/iriss-classes\/","url":"https:\/\/irispreschool.com.vn\/iriss-classes\/","name":"Iris\u2019s Classes - Iris PreSchool","isPartOf":{"@id":"https:\/\/irispreschool.com.vn\/#website"},"datePublished":"2025-05-22T08:41:17+00:00","dateModified":"2025-06-17T08:58:44+00:00","breadcrumb":{"@id":"https:\/\/irispreschool.com.vn\/iriss-classes\/#breadcrumb"},"inLanguage":"vi","potentialAction":[{"@type":"ReadAction","target":["https:\/\/irispreschool.com.vn\/iriss-classes\/"]}]},{"@type":"BreadcrumbList","@id":"https:\/\/irispreschool.com.vn\/iriss-classes\/#breadcrumb","itemListElement":[{"@type":"ListItem","position":1,"name":"Home","item":"https:\/\/irispreschool.com.vn\/"},{"@type":"ListItem","position":2,"name":"Iris\u2019s Classes"}]},{"@type":"WebSite","@id":"https:\/\/irispreschool.com.vn\/#website","url":"https:\/\/irispreschool.com.vn\/","name":"Iris PreSchool","description":"Together We\u2019ll Explore New Things","publisher":{"@id":"https:\/\/irispreschool.com.vn\/#organization"},"potentialAction":[{"@type":"SearchAction","target":{"@type":"EntryPoint","urlTemplate":"https:\/\/irispreschool.com.vn\/?s={search_term_string}"},"query-input":"required name=search_term_string"}],"inLanguage":"vi"},{"@type":"Organization","@id":"https:\/\/irispreschool.com.vn\/#organization","name":"Iris PreSchool","url":"https:\/\/irispreschool.com.vn\/","logo":{"@type":"ImageObject","inLanguage":"vi","@id":"https:\/\/irispreschool.com.vn\/#\/schema\/logo\/image\/","url":"https:\/\/irispreschool.com.vn\/wp-content\/uploads\/2025\/05\/IRIS-Logo.png","contentUrl":"https:\/\/irispreschool.com.vn\/wp-content\/uploads\/2025\/05\/IRIS-Logo.png","width":512,"height":512,"caption":"Iris PreSchool"},"image":{"@id":"https:\/\/irispreschool.com.vn\/#\/schema\/logo\/image\/"}}]}},"_links":{"self":[{"href":"https:\/\/irispreschool.com.vn\/vi\/wp-json\/wp\/v2\/pages\/23027","targetHints":{"allow":["GET"]}}],"collection":[{"href":"https:\/\/irispreschool.com.vn\/vi\/wp-json\/wp\/v2\/pages"}],"about":[{"href":"https:\/\/irispreschool.com.vn\/vi\/wp-json\/wp\/v2\/types\/page"}],"author":[{"embeddable":true,"href":"https:\/\/irispreschool.com.vn\/vi\/wp-json\/wp\/v2\/users\/1"}],"replies":[{"embeddable":true,"href":"https:\/\/irispreschool.com.vn\/vi\/wp-json\/wp\/v2\/comments?post=23027"}],"version-history":[{"count":6,"href":"https:\/\/irispreschool.com.vn\/vi\/wp-json\/wp\/v2\/pages\/23027\/revisions"}],"predecessor-version":[{"id":24730,"href":"https:\/\/irispreschool.com.vn\/vi\/wp-json\/wp\/v2\/pages\/23027\/revisions\/24730"}],"wp:attachment":[{"href":"https:\/\/irispreschool.com.vn\/vi\/wp-json\/wp\/v2\/media?parent=23027"}],"curies":[{"name":"wp","href":"https:\/\/api.w.org\/{rel}","templated":true}]}}