{"id":1837,"date":"2021-11-01T06:52:49","date_gmt":"2021-11-01T06:52:49","guid":{"rendered":"https:\/\/irispreschool.123websitedev.com\/?page_id=1837"},"modified":"2022-11-08T06:49:30","modified_gmt":"2022-11-08T06:49:30","slug":"refund_returns","status":"publish","type":"page","link":"https:\/\/irispreschool.com.vn\/vi\/hoan_tien_tra_tra\/","title":{"rendered":"Ch\u00ednh s\u00e1ch ho\u00e0n ti\u1ec1n v\u00e0 tr\u1ea3 h\u00e0ng"},"content":{"rendered":"<p><b>\u0110\u00e2y l\u00e0 m\u1ed9t trang m\u1eabu.<\/b><\/p>\n\n\n\n<h3>T\u1ed5ng quan<\/h3>\n\n\n\n<p>Ch\u00ednh s\u00e1ch ho\u00e0n ti\u1ec1n v\u00e0 tr\u1ea3 h\u00e0ng c\u1ee7a ch\u00fang t\u00f4i k\u00e9o d\u00e0i 30 ng\u00e0y. N\u1ebfu \u0111\u00e3 qu\u00e1 30 ng\u00e0y k\u1ec3 t\u1eeb ng\u00e0y b\u1ea1n mua h\u00e0ng, ch\u00fang t\u00f4i kh\u00f4ng th\u1ec3 ho\u00e0n ti\u1ec1n \u0111\u1ea7y \u0111\u1ee7 ho\u1eb7c \u0111\u1ed5i h\u00e0ng cho b\u1ea1n.<\/p>\n\n\n\n<p>\u0110\u1ec3 \u0111\u1ee7 \u0111i\u1ec1u ki\u1ec7n tr\u1ea3 h\u00e0ng, s\u1ea3n ph\u1ea9m c\u1ee7a b\u1ea1n ph\u1ea3i ch\u01b0a qua s\u1eed d\u1ee5ng v\u00e0 \u1edf c\u00f9ng t\u00ecnh tr\u1ea1ng khi b\u1ea1n nh\u1eadn \u0111\u01b0\u1ee3c. S\u1ea3n ph\u1ea9m c\u0169ng ph\u1ea3i c\u00f2n nguy\u00ean bao b\u00ec g\u1ed1c.<\/p>\n\n\n\n<p>M\u1ed9t s\u1ed1 lo\u1ea1i h\u00e0ng h\u00f3a \u0111\u01b0\u1ee3c mi\u1ec5n tr\u1ea3 l\u1ea1i. H\u00e0ng h\u00f3a d\u1ec5 h\u01b0 h\u1ecfng nh\u01b0 th\u1ef1c ph\u1ea9m, hoa, b\u00e1o ho\u1eb7c t\u1ea1p ch\u00ed kh\u00f4ng \u0111\u01b0\u1ee3c tr\u1ea3 l\u1ea1i. Ch\u00fang t\u00f4i c\u0169ng kh\u00f4ng ch\u1ea5p nh\u1eadn c\u00e1c s\u1ea3n ph\u1ea9m l\u00e0 \u0111\u1ed3 d\u00f9ng c\u00e1 nh\u00e2n ho\u1eb7c v\u1ec7 sinh, v\u1eadt li\u1ec7u nguy hi\u1ec3m, ch\u1ea5t l\u1ecfng ho\u1eb7c kh\u00ed d\u1ec5 ch\u00e1y.<\/p>\n\n\n\n<p>C\u00e1c m\u1eb7t h\u00e0ng kh\u00f4ng \u0111\u01b0\u1ee3c tr\u1ea3 l\u1ea1i b\u1ed5 sung:<\/p>\n\n\n\n<ul class=\"wp-block-list\">\n<li>Th\u1ebb qu\u00e0 t\u1eb7ng<\/li>\n<li>S\u1ea3n ph\u1ea9m ph\u1ea7n m\u1ec1m c\u00f3 th\u1ec3 t\u1ea3i xu\u1ed1ng<\/li>\n<li>M\u1ed9t s\u1ed1 m\u1eb7t h\u00e0ng ch\u0103m s\u00f3c s\u1ee9c kh\u1ecfe v\u00e0 c\u00e1 nh\u00e2n<\/li>\n<\/ul>\n\n\n\n<p>\u0110\u1ec3 ho\u00e0n t\u1ea5t vi\u1ec7c tr\u1ea3 h\u00e0ng, ch\u00fang t\u00f4i y\u00eau c\u1ea7u bi\u00ean lai ho\u1eb7c b\u1eb1ng ch\u1ee9ng mua h\u00e0ng.<\/p>\n\n\n\n<p>Vui l\u00f2ng kh\u00f4ng g\u1eedi tr\u1ea3 s\u1ea3n ph\u1ea9m \u0111\u00e3 mua cho nh\u00e0 s\u1ea3n xu\u1ea5t.<\/p>\n\n\n\n<p>C\u00f3 m\u1ed9t s\u1ed1 tr\u01b0\u1eddng h\u1ee3p ch\u1ec9 \u0111\u01b0\u1ee3c ho\u00e0n l\u1ea1i m\u1ed9t ph\u1ea7n ti\u1ec1n:<\/p>\n\n\n\n<ul class=\"wp-block-list\">\n<li>S\u00e1ch c\u00f3 d\u1ea5u hi\u1ec7u s\u1eed d\u1ee5ng r\u00f5 r\u00e0ng<\/li>\n<li>\u0110\u0129a CD, DVD, b\u0103ng VHS, ph\u1ea7n m\u1ec1m, tr\u00f2 ch\u01a1i \u0111i\u1ec7n t\u1eed, b\u0103ng cassette ho\u1eb7c \u0111\u0129a than \u0111\u00e3 \u0111\u01b0\u1ee3c m\u1edf.<\/li>\n<li>B\u1ea5t k\u1ef3 m\u1eb7t h\u00e0ng n\u00e0o kh\u00f4ng c\u00f2n trong t\u00ecnh tr\u1ea1ng ban \u0111\u1ea7u, b\u1ecb h\u01b0 h\u1ecfng ho\u1eb7c thi\u1ebfu b\u1ed9 ph\u1eadn v\u00ec nh\u1eefng l\u00fd do kh\u00f4ng ph\u1ea3i do l\u1ed7i c\u1ee7a ch\u00fang t\u00f4i.<\/li>\n<li>B\u1ea5t k\u1ef3 m\u1eb7t h\u00e0ng n\u00e0o \u0111\u01b0\u1ee3c tr\u1ea3 l\u1ea1i sau h\u01a1n 30 ng\u00e0y k\u1ec3 t\u1eeb ng\u00e0y giao h\u00e0ng<\/li>\n<\/ul>\n\n\n\n<h2>Ho\u00e0n ti\u1ec1n<\/h2>\n\n\n\n<p>Sau khi nh\u1eadn v\u00e0 ki\u1ec3m tra h\u00e0ng tr\u1ea3 l\u1ea1i, ch\u00fang t\u00f4i s\u1ebd g\u1eedi email th\u00f4ng b\u00e1o \u0111\u00e3 nh\u1eadn \u0111\u01b0\u1ee3c h\u00e0ng tr\u1ea3 l\u1ea1i c\u1ee7a b\u1ea1n. Ch\u00fang t\u00f4i c\u0169ng s\u1ebd th\u00f4ng b\u00e1o cho b\u1ea1n v\u1ec1 vi\u1ec7c ch\u1ea5p thu\u1eadn ho\u1eb7c t\u1eeb ch\u1ed1i ho\u00e0n ti\u1ec1n.<\/p>\n\n\n\n<p>N\u1ebfu \u0111\u01b0\u1ee3c ch\u1ea5p thu\u1eadn, kho\u1ea3n ho\u00e0n ti\u1ec1n c\u1ee7a b\u1ea1n s\u1ebd \u0111\u01b0\u1ee3c x\u1eed l\u00fd v\u00e0 kho\u1ea3n t\u00edn d\u1ee5ng s\u1ebd t\u1ef1 \u0111\u1ed9ng \u0111\u01b0\u1ee3c \u00e1p d\u1ee5ng v\u00e0o th\u1ebb t\u00edn d\u1ee5ng ho\u1eb7c ph\u01b0\u01a1ng th\u1ee9c thanh to\u00e1n ban \u0111\u1ea7u c\u1ee7a b\u1ea1n trong v\u00f2ng m\u1ed9t s\u1ed1 ng\u00e0y nh\u1ea5t \u0111\u1ecbnh.<\/p>\n\n\n\n<b>Ho\u00e0n ti\u1ec1n tr\u1ec5 ho\u1eb7c thi\u1ebfu<\/b>\n\n\n\n<p>N\u1ebfu b\u1ea1n v\u1eabn ch\u01b0a nh\u1eadn \u0111\u01b0\u1ee3c ti\u1ec1n ho\u00e0n l\u1ea1i, tr\u01b0\u1edbc ti\u00ean h\u00e3y ki\u1ec3m tra l\u1ea1i t\u00e0i kho\u1ea3n ng\u00e2n h\u00e0ng c\u1ee7a b\u1ea1n.<\/p>\n\n\n\n<p>Sau \u0111\u00f3 h\u00e3y li\u00ean h\u1ec7 v\u1edbi c\u00f4ng ty ph\u00e1t h\u00e0nh th\u1ebb t\u00edn d\u1ee5ng c\u1ee7a b\u1ea1n, c\u00f3 th\u1ec3 m\u1ea5t m\u1ed9t th\u1eddi gian tr\u01b0\u1edbc khi kho\u1ea3n ho\u00e0n ti\u1ec1n ch\u00ednh th\u1ee9c \u0111\u01b0\u1ee3c \u0111\u0103ng.<\/p>\n\n\n\n<p>Ti\u1ebfp theo, h\u00e3y li\u00ean h\u1ec7 v\u1edbi ng\u00e2n h\u00e0ng c\u1ee7a b\u1ea1n. Th\u01b0\u1eddng s\u1ebd m\u1ea5t m\u1ed9t kho\u1ea3ng th\u1eddi gian x\u1eed l\u00fd tr\u01b0\u1edbc khi kho\u1ea3n ho\u00e0n ti\u1ec1n \u0111\u01b0\u1ee3c g\u1eedi \u0111i.<\/p>\n\n\n\n<p>N\u1ebfu b\u1ea1n \u0111\u00e3 th\u1ef1c hi\u1ec7n t\u1ea5t c\u1ea3 c\u00e1c b\u01b0\u1edbc n\u00e0y m\u00e0 v\u1eabn ch\u01b0a nh\u1eadn \u0111\u01b0\u1ee3c ti\u1ec1n ho\u00e0n l\u1ea1i, vui l\u00f2ng li\u00ean h\u1ec7 v\u1edbi ch\u00fang t\u00f4i theo \u0111\u1ecba ch\u1ec9 {email address}.<\/p>\n\n\n\n<b>H\u00e0ng gi\u1ea3m gi\u00e1<\/b>\n\n\n\n<p>Ch\u1ec9 nh\u1eefng m\u1eb7t h\u00e0ng c\u00f3 gi\u00e1 th\u00f4ng th\u01b0\u1eddng m\u1edbi \u0111\u01b0\u1ee3c ho\u00e0n ti\u1ec1n. Kh\u00f4ng \u0111\u01b0\u1ee3c ho\u00e0n ti\u1ec1n cho c\u00e1c m\u1eb7t h\u00e0ng gi\u1ea3m gi\u00e1.<\/p>\n\n\n\n<h2>Trao \u0111\u1ed5i<\/h2>\n\n\n\n<p>Ch\u00fang t\u00f4i ch\u1ec9 \u0111\u1ed5i s\u1ea3n ph\u1ea9m n\u1ebfu s\u1ea3n ph\u1ea9m b\u1ecb l\u1ed7i ho\u1eb7c h\u01b0 h\u1ecfng. N\u1ebfu b\u1ea1n c\u1ea7n \u0111\u1ed5i s\u1ea3n ph\u1ea9m t\u01b0\u01a1ng t\u1ef1, vui l\u00f2ng g\u1eedi email cho ch\u00fang t\u00f4i theo \u0111\u1ecba ch\u1ec9 {email address} v\u00e0 g\u1eedi s\u1ea3n ph\u1ea9m \u0111\u1ebfn: {physical address}.<\/p>\n\n\n\n<h2>Qu\u00e0 t\u1eb7ng<\/h2>\n\n\n\n<p>N\u1ebfu s\u1ea3n ph\u1ea9m \u0111\u01b0\u1ee3c \u0111\u00e1nh d\u1ea5u l\u00e0 qu\u00e0 t\u1eb7ng khi mua v\u00e0 \u0111\u01b0\u1ee3c giao tr\u1ef1c ti\u1ebfp \u0111\u1ebfn b\u1ea1n, b\u1ea1n s\u1ebd nh\u1eadn \u0111\u01b0\u1ee3c m\u1ed9t kho\u1ea3n t\u00edn d\u1ee5ng qu\u00e0 t\u1eb7ng t\u01b0\u01a1ng \u1ee9ng v\u1edbi gi\u00e1 tr\u1ecb h\u00e0ng tr\u1ea3 l\u1ea1i. Sau khi nh\u1eadn \u0111\u01b0\u1ee3c s\u1ea3n ph\u1ea9m tr\u1ea3 l\u1ea1i, b\u1ea1n s\u1ebd nh\u1eadn \u0111\u01b0\u1ee3c m\u1ed9t phi\u1ebfu qu\u00e0 t\u1eb7ng qua \u0111\u01b0\u1eddng b\u01b0u \u0111i\u1ec7n.<\/p>\n\n\n\n<p>N\u1ebfu m\u1eb7t h\u00e0ng kh\u00f4ng \u0111\u01b0\u1ee3c \u0111\u00e1nh d\u1ea5u l\u00e0 qu\u00e0 t\u1eb7ng khi mua ho\u1eb7c ng\u01b0\u1eddi t\u1eb7ng qu\u00e0 \u0111\u00e3 t\u1ef1 v\u1eadn chuy\u1ec3n \u0111\u01a1n h\u00e0ng \u0111\u1ec3 t\u1eb7ng b\u1ea1n sau, ch\u00fang t\u00f4i s\u1ebd ho\u00e0n l\u1ea1i ti\u1ec1n cho ng\u01b0\u1eddi t\u1eb7ng qu\u00e0 v\u00e0 h\u1ecd s\u1ebd bi\u1ebft v\u1ec1 vi\u1ec7c b\u1ea1n tr\u1ea3 l\u1ea1i h\u00e0ng.<\/p>\n\n\n\n<h2>V\u1eadn chuy\u1ec3n tr\u1ea3 l\u1ea1i<\/h2>\n\n\n\n<p>\u0110\u1ec3 tr\u1ea3 l\u1ea1i s\u1ea3n ph\u1ea9m, b\u1ea1n n\u00ean g\u1eedi s\u1ea3n ph\u1ea9m \u0111\u1ebfn: {\u0111\u1ecba ch\u1ec9 th\u1ef1c}.<\/p>\n\n\n\n<p>B\u1ea1n s\u1ebd ch\u1ecbu tr\u00e1ch nhi\u1ec7m thanh to\u00e1n chi ph\u00ed v\u1eadn chuy\u1ec3n \u0111\u1ec3 tr\u1ea3 l\u1ea1i s\u1ea3n ph\u1ea9m. Chi ph\u00ed v\u1eadn chuy\u1ec3n kh\u00f4ng \u0111\u01b0\u1ee3c ho\u00e0n l\u1ea1i. N\u1ebfu b\u1ea1n nh\u1eadn \u0111\u01b0\u1ee3c ti\u1ec1n ho\u00e0n l\u1ea1i, chi ph\u00ed v\u1eadn chuy\u1ec3n tr\u1ea3 l\u1ea1i s\u1ebd \u0111\u01b0\u1ee3c kh\u1ea5u tr\u1eeb v\u00e0o s\u1ed1 ti\u1ec1n ho\u00e0n l\u1ea1i.<\/p>\n\n\n\n<p>T\u00f9y thu\u1ed9c v\u00e0o n\u01a1i b\u1ea1n s\u1ed1ng, th\u1eddi gian \u0111\u1ec3 s\u1ea3n ph\u1ea9m b\u1ea1n mu\u1ed1n \u0111\u1ed5i c\u00f3 th\u1ec3 kh\u00e1c nhau.<\/p>\n\n\n\n<p>N\u1ebfu b\u1ea1n mu\u1ed1n tr\u1ea3 l\u1ea1i nh\u1eefng m\u1eb7t h\u00e0ng \u0111\u1eaft ti\u1ec1n h\u01a1n, b\u1ea1n c\u00f3 th\u1ec3 c\u00e2n nh\u1eafc s\u1eed d\u1ee5ng d\u1ecbch v\u1ee5 v\u1eadn chuy\u1ec3n c\u00f3 th\u1ec3 theo d\u00f5i ho\u1eb7c mua b\u1ea3o hi\u1ec3m v\u1eadn chuy\u1ec3n. Ch\u00fang t\u00f4i kh\u00f4ng \u0111\u1ea3m b\u1ea3o r\u1eb1ng ch\u00fang t\u00f4i s\u1ebd nh\u1eadn \u0111\u01b0\u1ee3c h\u00e0ng b\u1ea1n tr\u1ea3 l\u1ea1i.<\/p>\n\n\n\n<h2>C\u1ea7n gi\u00fap \u0111\u1ee1?<\/h2>\n\n\n\n<p>Li\u00ean h\u1ec7 v\u1edbi ch\u00fang t\u00f4i theo \u0111\u1ecba ch\u1ec9 {email} n\u1ebfu c\u00f3 th\u1eafc m\u1eafc li\u00ean quan \u0111\u1ebfn vi\u1ec7c ho\u00e0n ti\u1ec1n v\u00e0 tr\u1ea3 h\u00e0ng.<\/p>","protected":false},"excerpt":{"rendered":"<p>This is a sample page. Overview Our refund and returns policy lasts 30 days. If 30 days have passed since your purchase, we can\u2019t offer you a full refund or exchange. To be eligible for a return, your item must be unused and in the same condition that you received it. It must also be [&hellip;]<\/p>","protected":false},"author":1,"featured_media":0,"parent":0,"menu_order":0,"comment_status":"closed","ping_status":"closed","template":"","meta":{"footnotes":""},"class_list":["post-1837","page","type-page","status-publish","hentry"],"yoast_head":"<!-- This site is optimized with the Yoast SEO Premium plugin v20.9 (Yoast SEO v20.9) - https:\/\/yoast.com\/wordpress\/plugins\/seo\/ -->\n<title>Refund and Returns Policy - Iris PreSchool<\/title>\n<meta name=\"robots\" content=\"index, follow, max-snippet:-1, max-image-preview:large, max-video-preview:-1\" \/>\n<link rel=\"canonical\" href=\"https:\/\/irispreschool.com.vn\/vi\/hoan_tien_tra_tra\/\" \/>\n<meta property=\"og:locale\" content=\"vi_VN\" \/>\n<meta property=\"og:type\" content=\"article\" \/>\n<meta property=\"og:title\" content=\"Refund and Returns Policy\" \/>\n<meta property=\"og:description\" content=\"This is a sample page. Overview Our refund and returns policy lasts 30 days. If 30 days have passed since your purchase, we can\u2019t offer you a full refund or exchange. To be eligible for a return, your item must be unused and in the same condition that you received it. It must also be [&hellip;]\" \/>\n<meta property=\"og:url\" content=\"https:\/\/irispreschool.com.vn\/vi\/hoan_tien_tra_tra\/\" \/>\n<meta property=\"og:site_name\" content=\"Iris PreSchool\" \/>\n<meta property=\"article:modified_time\" content=\"2022-11-08T06:49:30+00:00\" \/>\n<meta name=\"twitter:card\" content=\"summary_large_image\" \/>\n<meta name=\"twitter:label1\" content=\"\u01af\u1edbc t\u00ednh th\u1eddi gian \u0111\u1ecdc\" \/>\n\t<meta name=\"twitter:data1\" content=\"3 ph\u00fat\" \/>\n<script type=\"application\/ld+json\" class=\"yoast-schema-graph\">{\"@context\":\"https:\/\/schema.org\",\"@graph\":[{\"@type\":\"WebPage\",\"@id\":\"https:\/\/irispreschool.com.vn\/refund_returns\/\",\"url\":\"https:\/\/irispreschool.com.vn\/refund_returns\/\",\"name\":\"Refund and Returns Policy - Iris PreSchool\",\"isPartOf\":{\"@id\":\"https:\/\/irispreschool.com.vn\/#website\"},\"datePublished\":\"2021-11-01T06:52:49+00:00\",\"dateModified\":\"2022-11-08T06:49:30+00:00\",\"breadcrumb\":{\"@id\":\"https:\/\/irispreschool.com.vn\/refund_returns\/#breadcrumb\"},\"inLanguage\":\"vi\",\"potentialAction\":[{\"@type\":\"ReadAction\",\"target\":[\"https:\/\/irispreschool.com.vn\/refund_returns\/\"]}]},{\"@type\":\"BreadcrumbList\",\"@id\":\"https:\/\/irispreschool.com.vn\/refund_returns\/#breadcrumb\",\"itemListElement\":[{\"@type\":\"ListItem\",\"position\":1,\"name\":\"Home\",\"item\":\"https:\/\/irispreschool.com.vn\/\"},{\"@type\":\"ListItem\",\"position\":2,\"name\":\"Refund and Returns Policy\"}]},{\"@type\":\"WebSite\",\"@id\":\"https:\/\/irispreschool.com.vn\/#website\",\"url\":\"https:\/\/irispreschool.com.vn\/\",\"name\":\"Iris PreSchool\",\"description\":\"Together We\u2019ll Explore New Things\",\"publisher\":{\"@id\":\"https:\/\/irispreschool.com.vn\/#organization\"},\"potentialAction\":[{\"@type\":\"SearchAction\",\"target\":{\"@type\":\"EntryPoint\",\"urlTemplate\":\"https:\/\/irispreschool.com.vn\/?s={search_term_string}\"},\"query-input\":\"required name=search_term_string\"}],\"inLanguage\":\"vi\"},{\"@type\":\"Organization\",\"@id\":\"https:\/\/irispreschool.com.vn\/#organization\",\"name\":\"Iris PreSchool\",\"url\":\"https:\/\/irispreschool.com.vn\/\",\"logo\":{\"@type\":\"ImageObject\",\"inLanguage\":\"vi\",\"@id\":\"https:\/\/irispreschool.com.vn\/#\/schema\/logo\/image\/\",\"url\":\"https:\/\/irispreschool.com.vn\/wp-content\/uploads\/2025\/05\/IRIS-Logo.png\",\"contentUrl\":\"https:\/\/irispreschool.com.vn\/wp-content\/uploads\/2025\/05\/IRIS-Logo.png\",\"width\":512,\"height\":512,\"caption\":\"Iris PreSchool\"},\"image\":{\"@id\":\"https:\/\/irispreschool.com.vn\/#\/schema\/logo\/image\/\"}}]}<\/script>\n<!-- \/ Yoast SEO Premium plugin. -->","yoast_head_json":{"title":"Refund and Returns Policy - Iris PreSchool","robots":{"index":"index","follow":"follow","max-snippet":"max-snippet:-1","max-image-preview":"max-image-preview:large","max-video-preview":"max-video-preview:-1"},"canonical":"https:\/\/irispreschool.com.vn\/vi\/hoan_tien_tra_tra\/","og_locale":"vi_VN","og_type":"article","og_title":"Refund and Returns Policy","og_description":"This is a sample page. Overview Our refund and returns policy lasts 30 days. If 30 days have passed since your purchase, we can\u2019t offer you a full refund or exchange. To be eligible for a return, your item must be unused and in the same condition that you received it. It must also be [&hellip;]","og_url":"https:\/\/irispreschool.com.vn\/vi\/hoan_tien_tra_tra\/","og_site_name":"Iris PreSchool","article_modified_time":"2022-11-08T06:49:30+00:00","twitter_card":"summary_large_image","twitter_misc":{"\u01af\u1edbc t\u00ednh th\u1eddi gian \u0111\u1ecdc":"3 ph\u00fat"},"schema":{"@context":"https:\/\/schema.org","@graph":[{"@type":"WebPage","@id":"https:\/\/irispreschool.com.vn\/refund_returns\/","url":"https:\/\/irispreschool.com.vn\/refund_returns\/","name":"Refund and Returns Policy - Iris PreSchool","isPartOf":{"@id":"https:\/\/irispreschool.com.vn\/#website"},"datePublished":"2021-11-01T06:52:49+00:00","dateModified":"2022-11-08T06:49:30+00:00","breadcrumb":{"@id":"https:\/\/irispreschool.com.vn\/refund_returns\/#breadcrumb"},"inLanguage":"vi","potentialAction":[{"@type":"ReadAction","target":["https:\/\/irispreschool.com.vn\/refund_returns\/"]}]},{"@type":"BreadcrumbList","@id":"https:\/\/irispreschool.com.vn\/refund_returns\/#breadcrumb","itemListElement":[{"@type":"ListItem","position":1,"name":"Home","item":"https:\/\/irispreschool.com.vn\/"},{"@type":"ListItem","position":2,"name":"Refund and Returns Policy"}]},{"@type":"WebSite","@id":"https:\/\/irispreschool.com.vn\/#website","url":"https:\/\/irispreschool.com.vn\/","name":"Iris PreSchool","description":"Together We\u2019ll Explore New Things","publisher":{"@id":"https:\/\/irispreschool.com.vn\/#organization"},"potentialAction":[{"@type":"SearchAction","target":{"@type":"EntryPoint","urlTemplate":"https:\/\/irispreschool.com.vn\/?s={search_term_string}"},"query-input":"required name=search_term_string"}],"inLanguage":"vi"},{"@type":"Organization","@id":"https:\/\/irispreschool.com.vn\/#organization","name":"Iris PreSchool","url":"https:\/\/irispreschool.com.vn\/","logo":{"@type":"ImageObject","inLanguage":"vi","@id":"https:\/\/irispreschool.com.vn\/#\/schema\/logo\/image\/","url":"https:\/\/irispreschool.com.vn\/wp-content\/uploads\/2025\/05\/IRIS-Logo.png","contentUrl":"https:\/\/irispreschool.com.vn\/wp-content\/uploads\/2025\/05\/IRIS-Logo.png","width":512,"height":512,"caption":"Iris PreSchool"},"image":{"@id":"https:\/\/irispreschool.com.vn\/#\/schema\/logo\/image\/"}}]}},"_links":{"self":[{"href":"https:\/\/irispreschool.com.vn\/vi\/wp-json\/wp\/v2\/pages\/1837","targetHints":{"allow":["GET"]}}],"collection":[{"href":"https:\/\/irispreschool.com.vn\/vi\/wp-json\/wp\/v2\/pages"}],"about":[{"href":"https:\/\/irispreschool.com.vn\/vi\/wp-json\/wp\/v2\/types\/page"}],"author":[{"embeddable":true,"href":"https:\/\/irispreschool.com.vn\/vi\/wp-json\/wp\/v2\/users\/1"}],"replies":[{"embeddable":true,"href":"https:\/\/irispreschool.com.vn\/vi\/wp-json\/wp\/v2\/comments?post=1837"}],"version-history":[{"count":0,"href":"https:\/\/irispreschool.com.vn\/vi\/wp-json\/wp\/v2\/pages\/1837\/revisions"}],"wp:attachment":[{"href":"https:\/\/irispreschool.com.vn\/vi\/wp-json\/wp\/v2\/media?parent=1837"}],"curies":[{"name":"wp","href":"https:\/\/api.w.org\/{rel}","templated":true}]}}